{"id":9300,"date":"2025-09-16T17:00:19","date_gmt":"2025-09-16T22:00:19","guid":{"rendered":"https:\/\/www.vumieurope.com\/terms-of-use\/"},"modified":"2026-03-06T13:48:57","modified_gmt":"2026-03-06T18:48:57","slug":"terminos-de-uso","status":"publish","type":"page","link":"https:\/\/www.vumieurope.com\/es\/terminos-de-uso\/","title":{"rendered":"T\u00c9RMINOS DE USO"},"content":{"rendered":"\t\t<div data-elementor-type=\"wp-page\" data-elementor-id=\"9300\" class=\"elementor elementor-9300 elementor-5504\" data-elementor-post-type=\"page\">\n\t\t\t\t\t\t<section class=\"elementor-section elementor-top-section elementor-element elementor-element-f71c4b6 elementor-section-height-min-height elementor-section-boxed elementor-section-height-default elementor-section-items-middle\" data-id=\"f71c4b6\" data-element_type=\"section\" data-e-type=\"section\" data-settings=\"{&quot;background_background&quot;:&quot;classic&quot;,&quot;shape_divider_bottom&quot;:&quot;mountains&quot;}\">\n\t\t\t\t\t<div class=\"elementor-shape elementor-shape-bottom\" aria-hidden=\"true\" data-negative=\"false\">\n\t\t\t<svg xmlns=\"http:\/\/www.w3.org\/2000\/svg\" viewBox=\"0 0 1000 100\" preserveAspectRatio=\"none\">\n\t<path class=\"elementor-shape-fill\" opacity=\"0.33\" d=\"M473,67.3c-203.9,88.3-263.1-34-320.3,0C66,119.1,0,59.7,0,59.7V0h1000v59.7 c0,0-62.1,26.1-94.9,29.3c-32.8,3.3-62.8-12.3-75.8-22.1C806,49.6,745.3,8.7,694.9,4.7S492.4,59,473,67.3z\"\/>\n\t<path class=\"elementor-shape-fill\" opacity=\"0.66\" d=\"M734,67.3c-45.5,0-77.2-23.2-129.1-39.1c-28.6-8.7-150.3-10.1-254,39.1 s-91.7-34.4-149.2,0C115.7,118.3,0,39.8,0,39.8V0h1000v36.5c0,0-28.2-18.5-92.1-18.5C810.2,18.1,775.7,67.3,734,67.3z\"\/>\n\t<path class=\"elementor-shape-fill\" d=\"M766.1,28.9c-200-57.5-266,65.5-395.1,19.5C242,1.8,242,5.4,184.8,20.6C128,35.8,132.3,44.9,89.9,52.5C28.6,63.7,0,0,0,0 h1000c0,0-9.9,40.9-83.6,48.1S829.6,47,766.1,28.9z\"\/>\n<\/svg>\t\t<\/div>\n\t\t\t\t\t<div class=\"elementor-container elementor-column-gap-default\">\n\t\t\t\t\t<div class=\"elementor-column elementor-col-100 elementor-top-column elementor-element elementor-element-0d06d3b\" data-id=\"0d06d3b\" data-element_type=\"column\" data-e-type=\"column\">\n\t\t\t<div class=\"elementor-widget-wrap elementor-element-populated\">\n\t\t\t\t\t\t<section class=\"elementor-section elementor-inner-section elementor-element elementor-element-bb24288 elementor-section-boxed elementor-section-height-default elementor-section-height-default\" data-id=\"bb24288\" data-element_type=\"section\" data-e-type=\"section\">\n\t\t\t\t\t\t<div class=\"elementor-container elementor-column-gap-default\">\n\t\t\t\t\t<div class=\"elementor-column elementor-col-100 elementor-inner-column elementor-element elementor-element-02c5c6f\" data-id=\"02c5c6f\" data-element_type=\"column\" data-e-type=\"column\">\n\t\t\t<div class=\"elementor-widget-wrap elementor-element-populated\">\n\t\t\t\t\t\t<div class=\"elementor-element elementor-element-0a04d16 elementor-widget elementor-widget-spacer\" data-id=\"0a04d16\" data-element_type=\"widget\" data-e-type=\"widget\" data-widget_type=\"spacer.default\">\n\t\t\t\t<div class=\"elementor-widget-container\">\n\t\t\t\t\t\t\t<div class=\"elementor-spacer\">\n\t\t\t<div class=\"elementor-spacer-inner\"><\/div>\n\t\t<\/div>\n\t\t\t\t\t\t<\/div>\n\t\t\t\t<\/div>\n\t\t\t\t<div class=\"elementor-element elementor-element-862ba10 elementor-widget elementor-widget-heading\" data-id=\"862ba10\" data-element_type=\"widget\" data-e-type=\"widget\" data-widget_type=\"heading.default\">\n\t\t\t\t<div class=\"elementor-widget-container\">\n\t\t\t\t\t<h1 class=\"elementor-heading-title elementor-size-default\"><strong> T\u00c9RMINOs<\/strong> DE usO<\/h1>\t\t\t\t<\/div>\n\t\t\t\t<\/div>\n\t\t\t\t<div class=\"elementor-element elementor-element-41b57aa elementor-widget__width-initial elementor-widget elementor-widget-text-editor\" data-id=\"41b57aa\" data-element_type=\"widget\" data-e-type=\"widget\" data-widget_type=\"text-editor.default\">\n\t\t\t\t<div class=\"elementor-widget-container\">\n\t\t\t\t\t\t\t\t\t<p>Este aviso legal regula el uso del sitio web mantenido por VUMI<sup>\u00ae<\/sup> Insurance Europe Limited. Por favor, l\u00e9alo atentamente antes de visitar las dem\u00e1s p\u00e1ginas de nuestro sitio web. Al visitar este sitio web, usted reconoce su aceptaci\u00f3n de las condiciones aqu\u00ed establecidas.<\/p>\t\t\t\t\t\t\t\t<\/div>\n\t\t\t\t<\/div>\n\t\t\t\t<div class=\"elementor-element elementor-element-ee61e65 elementor-widget elementor-widget-spacer\" data-id=\"ee61e65\" data-element_type=\"widget\" data-e-type=\"widget\" data-widget_type=\"spacer.default\">\n\t\t\t\t<div class=\"elementor-widget-container\">\n\t\t\t\t\t\t\t<div class=\"elementor-spacer\">\n\t\t\t<div class=\"elementor-spacer-inner\"><\/div>\n\t\t<\/div>\n\t\t\t\t\t\t<\/div>\n\t\t\t\t<\/div>\n\t\t\t\t\t<\/div>\n\t\t<\/div>\n\t\t\t\t\t<\/div>\n\t\t<\/section>\n\t\t\t\t\t<\/div>\n\t\t<\/div>\n\t\t\t\t\t<\/div>\n\t\t<\/section>\n\t\t\t\t<section class=\"elementor-section elementor-top-section elementor-element elementor-element-e13d858 elementor-section-boxed elementor-section-height-default elementor-section-height-default\" data-id=\"e13d858\" data-element_type=\"section\" data-e-type=\"section\">\n\t\t\t\t\t\t<div class=\"elementor-container elementor-column-gap-default\">\n\t\t\t\t\t<div class=\"elementor-column elementor-col-100 elementor-top-column elementor-element elementor-element-101fffa\" data-id=\"101fffa\" data-element_type=\"column\" data-e-type=\"column\" data-settings=\"{&quot;background_background&quot;:&quot;classic&quot;}\">\n\t\t\t<div class=\"elementor-widget-wrap elementor-element-populated\">\n\t\t\t\t\t\t<section class=\"elementor-section elementor-inner-section elementor-element elementor-element-68b8656 elementor-section-boxed elementor-section-height-default elementor-section-height-default\" data-id=\"68b8656\" data-element_type=\"section\" data-e-type=\"section\">\n\t\t\t\t\t\t<div class=\"elementor-container elementor-column-gap-default\">\n\t\t\t\t\t<div class=\"elementor-column elementor-col-100 elementor-inner-column elementor-element elementor-element-3393bf2\" data-id=\"3393bf2\" data-element_type=\"column\" data-e-type=\"column\">\n\t\t\t<div class=\"elementor-widget-wrap elementor-element-populated\">\n\t\t\t\t\t\t<div class=\"elementor-element elementor-element-07c55bf elementor-widget__width-initial elementor-widget elementor-widget-text-editor\" data-id=\"07c55bf\" data-element_type=\"widget\" data-e-type=\"widget\" data-widget_type=\"text-editor.default\">\n\t\t\t\t<div class=\"elementor-widget-container\">\n\t\t\t\t\t\t\t\t\t<h2><strong>Contenido<\/strong><\/h2><p>El prop\u00f3sito del sitio de VUMI<sup>\u00ae<\/sup> es proporcionarle informaci\u00f3n sobre la empresa, as\u00ed como sobre sus productos y servicios. Todos los productos y servicios mencionados en este sitio est\u00e1n sujetos a los t\u00e9rminos y condiciones de los contratos y p\u00f3lizas aplicables a los mismos y pueden ser modificados sin previo aviso. Nuestros productos y servicios se ofrecen \u00fanicamente en los pa\u00edses de la UE y el EEE, y es posible que algunos productos y servicios no est\u00e9n disponibles en todos los pa\u00edses. Adem\u00e1s, nada en este sitio constituye una oferta de compra o venta de los productos y servicios de VUMI<sup>\u00ae<\/sup> ; ni nada en este sitio tiene la intenci\u00f3n de promover dichos productos y servicios en territorios donde nuestros productos no est\u00e1n disponibles o aprobados por el regulador local.<\/p><h2><strong>Fiabilidad de la Informaci\u00f3n<\/strong><\/h2><p>VUMI<sup>\u00ae<\/sup> ha intentado transmitir informaci\u00f3n que sea lo m\u00e1s fiable posible en su sitio web. Sin embargo, la Compa\u00f1\u00eda no puede garantizar que la informaci\u00f3n sea exacta, completa y actual en todo momento. Adem\u00e1s,\u00a0VUMI<sup>\u00ae<\/sup>\u00a0se reserva el derecho de cambiar la informaci\u00f3n en su sitio web en cualquier momento, sin previo aviso.<\/p><h2><strong>Derechos de autor y marcas comerciales<\/strong><\/h2><p>La informaci\u00f3n en este sitio web est\u00e1 protegida por la legislaci\u00f3n vigente que rige los derechos de autor, las marcas comerciales y los derechos de propiedad intelectual, as\u00ed como por legislaci\u00f3n similar en otros territorios. Se proh\u00edbe a los visitantes de este sitio web copiar, imprimir o descargar informaci\u00f3n para otro uso que no sea personal y no comercial. Al hacerlo, deben indicar la fuente de la informaci\u00f3n y asegurarse de que dicha informaci\u00f3n no haya sido modificada de ninguna manera. Adem\u00e1s, deben conservarse todos los avisos de derechos de autor y otros avisos. Ninguna persona puede crear ning\u00fan tipo de enlace a este sitio web o a su contenido, incluso a trav\u00e9s de marcos o hipertexto, sin el consentimiento previo por escrito de VUMI<sup>\u00ae<\/sup>. Cualquier infracci\u00f3n de los derechos de\u00a0VUMI<sup>\u00ae<\/sup>\u00a0puede dar lugar al recurso legal correspondiente.<\/p><h2><strong>Confidencialidad y Seguridad<\/strong><\/h2><p>Usted tiene el control de la cantidad y el tipo de informaci\u00f3n que comparte con VUMI<sup>\u00ae <\/sup>mientras visita este sitio web. Como visitante, puede navegar por este sitio para encontrar informaci\u00f3n sin tener que revelar informaci\u00f3n personal de ninguna manera. Aunque VUMI<sup>\u00ae <\/sup>ha implementado medidas de seguridad, usted debe permanecer alerta mientras utiliza Internet. Si se le asigna un n\u00famero de identificaci\u00f3n personal para acceder a cualquier parte de este sitio web, debe asegurarse de que este est\u00e9 siempre protegido. Puede encontrar m\u00e1s informaci\u00f3n sobre los datos que recopilamos y c\u00f3mo los utilizamos en nuestro <a href=\"https:\/\/www.vumieurope.com\/es\/aviso-de-privacidad\/\"><strong><span style=\"text-decoration: underline;\">Aviso de Privacidad.<\/span><\/strong><\/a><\/p><h2><strong>Tecnolog\u00edas utilizadas en nuestro sitio web<\/strong><\/h2><p>Nuestro sitio web utiliza tecnolog\u00edas de entrega y seguimiento, incluidos cookies y p\u00edxeles de seguimiento. Puede encontrar m\u00e1s informaci\u00f3n en nuestra <a href=\"https:\/\/www.vumieurope.com\/es\/politica-de-cookies\/\"><strong><span class=\"elementor-icon-list-text\"><span style=\"text-decoration: underline;\">Pol\u00edtica de Cookies<\/span><\/span><\/strong><\/a><\/p><p><a href=\"http:\/\/www.google.com\/intl\/en\/policies\/privacy\/\"><strong><span style=\"text-decoration: underline;\">Google Analytics<\/span><\/strong><\/a><\/p><p>La herramienta Google Analytics se utiliza para recopilar datos an\u00f3nimos para monitorear y analizar el uso de nuestro sitio web. Si desea m\u00e1s informaci\u00f3n, consulte nuestra pol\u00edtica de Cookies. Le invitamos a leer la p\u00e1gina de Preferencias de Anuncios de Google para obtener m\u00e1s informaci\u00f3n.<\/p><h2><strong>No Responsabilidad<\/strong><\/h2><p>VUMI<sup>\u00ae<\/sup>, sus empresas afiliadas, as\u00ed como sus administradores, directivos, empleados y representantes no ser\u00e1n responsables de ninguna p\u00e9rdida o da\u00f1o que surja directa o indirectamente del uso de este sitio web, incluidos los da\u00f1os especiales o consecuentes y los da\u00f1os a terceros. Usted acepta que el uso de este sitio web o de cualquier sitio web vinculado al mismo se realiza enteramente bajo su propio riesgo.<\/p><p>M\u00e1s espec\u00edficamente, pero sin limitar la generalidad de lo anterior, VUMI<sup>\u00ae<\/sup>\u00a0y sus administradores, directivos, empleados y representantes no ser\u00e1n responsables de ning\u00fan da\u00f1o que surja de las acciones tomadas bas\u00e1ndose en la informaci\u00f3n de este sitio web o que surja de los da\u00f1os sufridos como resultado de revelar informaci\u00f3n personal o confidencial a VUMI<sup>\u00ae<\/sup> a trav\u00e9s de Internet. Este sitio web puede contener enlaces a otros sitios web que no son gestionados ni actualizados por VUMI<sup>\u00ae<\/sup>. Estos enlaces pueden proporcionarse \u00fanicamente con fines informativos y no deben interpretarse como un respaldo de su contenido por parte de VUMI<sup>\u00ae<\/sup>. Asimismo, VUMI<sup>\u00ae<\/sup> no ser\u00e1 responsable de los da\u00f1os derivados de la reproducci\u00f3n o el uso no autorizado de la informaci\u00f3n de este sitio web.<\/p><h2><strong>Modificaci\u00f3n de los T\u00e9rminos de Uso<\/strong><\/h2><p>VUMI<sup>\u00ae <\/sup>se reserva el derecho de modificar en cualquier momento los t\u00e9rminos de uso aplicables a la informaci\u00f3n contenida y mostrada en nuestro sitio web. En caso de un cambio importante, proporcionaremos un aviso al menos treinta d\u00edas antes de que la nueva condici\u00f3n entre en vigor. Al usar y acceder a este sitio web despu\u00e9s de que dichas modificaciones hayan entrado en vigor, usted acepta y se compromete a estar sujeto a dichas modificaciones o revisiones.<\/p><p>Para solicitar permiso o para cualquier otra consulta, p\u00f3ngase en contacto con: <span data-teams=\"true\"><a id=\"menur464\" class=\"fui-Link ___1q1shib f2hkw1w f3rmtva f1ewtqcl fyind8e f1k6fduh f1w7gpdv fk6fouc fjoy568 figsok6 f1s184ao f1mk8lai fnbmjn9 f1o700av f13mvf36 f1cmlufx f9n3di6 f1ids18y f1tx3yz7 f1deo86v f1eh06m1 f1iescvh fhgqx19 f1olyrje f1p93eir f1nev41a f1h8hb77 f1lqvz6u f10aw75t fsle3fq f17ae5zn\" title=\"mailto:dpo-europe@vumigroup.com\" href=\"mailto:dpo-europe@vumigroup.com\" target=\"_blank\" rel=\"noreferrer noopener\" aria-label=\"V\u00ednculo dpo-europe@vumigroup.com\"><strong><span style=\"text-decoration: underline;\">dpo-europe@vumigroup.com<\/span><\/strong><\/a><\/span><span style=\"text-decoration: underline;\"><strong>\u00a0<\/strong><\/span><\/p>\t\t\t\t\t\t\t\t<\/div>\n\t\t\t\t<\/div>\n\t\t\t\t\t<\/div>\n\t\t<\/div>\n\t\t\t\t\t<\/div>\n\t\t<\/section>\n\t\t\t\t\t<\/div>\n\t\t<\/div>\n\t\t\t\t\t<\/div>\n\t\t<\/section>\n\t\t\t\t<section class=\"elementor-section elementor-top-section elementor-element elementor-element-7257b2d elementor-section-boxed elementor-section-height-default elementor-section-height-default\" data-id=\"7257b2d\" data-element_type=\"section\" data-e-type=\"section\">\n\t\t\t\t\t\t<div class=\"elementor-container elementor-column-gap-default\">\n\t\t\t\t\t<div class=\"elementor-column elementor-col-100 elementor-top-column elementor-element elementor-element-8fd5231\" data-id=\"8fd5231\" data-element_type=\"column\" data-e-type=\"column\">\n\t\t\t<div class=\"elementor-widget-wrap elementor-element-populated\">\n\t\t\t\t\t\t<div class=\"elementor-element elementor-element-91a58bf elementor-widget elementor-widget-spacer\" data-id=\"91a58bf\" data-element_type=\"widget\" data-e-type=\"widget\" data-widget_type=\"spacer.default\">\n\t\t\t\t<div class=\"elementor-widget-container\">\n\t\t\t\t\t\t\t<div class=\"elementor-spacer\">\n\t\t\t<div class=\"elementor-spacer-inner\"><\/div>\n\t\t<\/div>\n\t\t\t\t\t\t<\/div>\n\t\t\t\t<\/div>\n\t\t\t\t\t<\/div>\n\t\t<\/div>\n\t\t\t\t\t<\/div>\n\t\t<\/section>\n\t\t\t\t<\/div>\n\t\t","protected":false},"excerpt":{"rendered":"<p>T\u00c9RMINOs DE usO Este aviso legal regula el uso del sitio web mantenido por VUMI\u00ae Insurance Europe Limited. Por favor, l\u00e9alo atentamente antes de visitar las dem\u00e1s p\u00e1ginas de nuestro sitio web. Al visitar este sitio web, usted reconoce su aceptaci\u00f3n de las condiciones aqu\u00ed establecidas. Contenido El prop\u00f3sito del sitio de VUMI\u00ae es proporcionarle [&hellip;]<\/p>\n","protected":false},"author":4,"featured_media":0,"parent":0,"menu_order":0,"comment_status":"closed","ping_status":"closed","template":"","meta":{"footnotes":""},"class_list":["post-9300","page","type-page","status-publish","hentry"],"yoast_head":"<!-- This site is optimized with the Yoast SEO plugin v27.5 - https:\/\/yoast.com\/product\/yoast-seo-wordpress\/ -->\n<title>T\u00c9RMINOS DE USO - VUMI\u00ae Europe<\/title>\n<meta name=\"robots\" content=\"index, follow, max-snippet:-1, max-image-preview:large, max-video-preview:-1\" \/>\n<link rel=\"canonical\" href=\"https:\/\/www.vumieurope.com\/es\/terminos-de-uso\/\" \/>\n<meta property=\"og:locale\" content=\"es_ES\" \/>\n<meta property=\"og:type\" content=\"article\" \/>\n<meta property=\"og:title\" content=\"T\u00c9RMINOS DE USO - VUMI\u00ae Europe\" \/>\n<meta property=\"og:description\" content=\"T\u00c9RMINOs DE usO Este aviso legal regula el uso del sitio web mantenido por VUMI\u00ae Insurance Europe Limited. Por favor, l\u00e9alo atentamente antes de visitar las dem\u00e1s p\u00e1ginas de nuestro sitio web. Al visitar este sitio web, usted reconoce su aceptaci\u00f3n de las condiciones aqu\u00ed establecidas. Contenido El prop\u00f3sito del sitio de VUMI\u00ae es proporcionarle [&hellip;]\" \/>\n<meta property=\"og:url\" content=\"https:\/\/www.vumieurope.com\/es\/terminos-de-uso\/\" \/>\n<meta property=\"og:site_name\" content=\"VUMI\u00ae Europe\" \/>\n<meta property=\"article:publisher\" content=\"https:\/\/www.facebook.com\/VUMIGroup\" \/>\n<meta property=\"article:modified_time\" content=\"2026-03-06T18:48:57+00:00\" \/>\n<meta name=\"twitter:card\" content=\"summary_large_image\" \/>\n<meta name=\"twitter:label1\" content=\"Tiempo de lectura\" \/>\n\t<meta name=\"twitter:data1\" content=\"4 minutos\" \/>\n<script type=\"application\/ld+json\" class=\"yoast-schema-graph\">{\"@context\":\"https:\\\/\\\/schema.org\",\"@graph\":[{\"@type\":\"WebPage\",\"@id\":\"https:\\\/\\\/www.vumieurope.com\\\/es\\\/terminos-de-uso\\\/\",\"url\":\"https:\\\/\\\/www.vumieurope.com\\\/es\\\/terminos-de-uso\\\/\",\"name\":\"T\u00c9RMINOS DE USO - VUMI\u00ae Europe\",\"isPartOf\":{\"@id\":\"https:\\\/\\\/www.vumieurope.com\\\/#website\"},\"datePublished\":\"2025-09-16T22:00:19+00:00\",\"dateModified\":\"2026-03-06T18:48:57+00:00\",\"breadcrumb\":{\"@id\":\"https:\\\/\\\/www.vumieurope.com\\\/es\\\/terminos-de-uso\\\/#breadcrumb\"},\"inLanguage\":\"es\",\"potentialAction\":[{\"@type\":\"ReadAction\",\"target\":[\"https:\\\/\\\/www.vumieurope.com\\\/es\\\/terminos-de-uso\\\/\"]}]},{\"@type\":\"BreadcrumbList\",\"@id\":\"https:\\\/\\\/www.vumieurope.com\\\/es\\\/terminos-de-uso\\\/#breadcrumb\",\"itemListElement\":[{\"@type\":\"ListItem\",\"position\":1,\"name\":\"Home\",\"item\":\"https:\\\/\\\/www.vumieurope.com\\\/\"},{\"@type\":\"ListItem\",\"position\":2,\"name\":\"T\u00c9RMINOS DE USO\"}]},{\"@type\":\"WebSite\",\"@id\":\"https:\\\/\\\/www.vumieurope.com\\\/#website\",\"url\":\"https:\\\/\\\/www.vumieurope.com\\\/\",\"name\":\"VUMI\u00ae Europe\",\"description\":\"International health insurance with worldwide coverage and VIP medical services\",\"publisher\":{\"@id\":\"https:\\\/\\\/www.vumieurope.com\\\/#organization\"},\"potentialAction\":[{\"@type\":\"SearchAction\",\"target\":{\"@type\":\"EntryPoint\",\"urlTemplate\":\"https:\\\/\\\/www.vumieurope.com\\\/?s={search_term_string}\"},\"query-input\":{\"@type\":\"PropertyValueSpecification\",\"valueRequired\":true,\"valueName\":\"search_term_string\"}}],\"inLanguage\":\"es\"},{\"@type\":\"Organization\",\"@id\":\"https:\\\/\\\/www.vumieurope.com\\\/#organization\",\"name\":\"VUMI\u00ae Europe\",\"url\":\"https:\\\/\\\/www.vumieurope.com\\\/\",\"logo\":{\"@type\":\"ImageObject\",\"inLanguage\":\"es\",\"@id\":\"https:\\\/\\\/www.vumieurope.com\\\/#\\\/schema\\\/logo\\\/image\\\/\",\"url\":\"https:\\\/\\\/www.vumieurope.com\\\/wp-content\\\/uploads\\\/2024\\\/03\\\/Vumi-Europe-blue.svg\",\"contentUrl\":\"https:\\\/\\\/www.vumieurope.com\\\/wp-content\\\/uploads\\\/2024\\\/03\\\/Vumi-Europe-blue.svg\",\"caption\":\"VUMI\u00ae Europe\"},\"image\":{\"@id\":\"https:\\\/\\\/www.vumieurope.com\\\/#\\\/schema\\\/logo\\\/image\\\/\"},\"sameAs\":[\"https:\\\/\\\/www.facebook.com\\\/VUMIGroup\",\"https:\\\/\\\/www.linkedin.com\\\/company\\\/vumigroupinsurance\\\/posts\\\/?feedView=all\",\"https:\\\/\\\/www.youtube.com\\\/user\\\/VUMIGroup\",\"https:\\\/\\\/www.instagram.com\\\/vumi_group\\\/\"]}]}<\/script>\n<!-- \/ Yoast SEO plugin. -->","yoast_head_json":{"title":"T\u00c9RMINOS DE USO - VUMI\u00ae Europe","robots":{"index":"index","follow":"follow","max-snippet":"max-snippet:-1","max-image-preview":"max-image-preview:large","max-video-preview":"max-video-preview:-1"},"canonical":"https:\/\/www.vumieurope.com\/es\/terminos-de-uso\/","og_locale":"es_ES","og_type":"article","og_title":"T\u00c9RMINOS DE USO - VUMI\u00ae Europe","og_description":"T\u00c9RMINOs DE usO Este aviso legal regula el uso del sitio web mantenido por VUMI\u00ae Insurance Europe Limited. Por favor, l\u00e9alo atentamente antes de visitar las dem\u00e1s p\u00e1ginas de nuestro sitio web. Al visitar este sitio web, usted reconoce su aceptaci\u00f3n de las condiciones aqu\u00ed establecidas. Contenido El prop\u00f3sito del sitio de VUMI\u00ae es proporcionarle [&hellip;]","og_url":"https:\/\/www.vumieurope.com\/es\/terminos-de-uso\/","og_site_name":"VUMI\u00ae Europe","article_publisher":"https:\/\/www.facebook.com\/VUMIGroup","article_modified_time":"2026-03-06T18:48:57+00:00","twitter_card":"summary_large_image","twitter_misc":{"Tiempo de lectura":"4 minutos"},"schema":{"@context":"https:\/\/schema.org","@graph":[{"@type":"WebPage","@id":"https:\/\/www.vumieurope.com\/es\/terminos-de-uso\/","url":"https:\/\/www.vumieurope.com\/es\/terminos-de-uso\/","name":"T\u00c9RMINOS DE USO - VUMI\u00ae Europe","isPartOf":{"@id":"https:\/\/www.vumieurope.com\/#website"},"datePublished":"2025-09-16T22:00:19+00:00","dateModified":"2026-03-06T18:48:57+00:00","breadcrumb":{"@id":"https:\/\/www.vumieurope.com\/es\/terminos-de-uso\/#breadcrumb"},"inLanguage":"es","potentialAction":[{"@type":"ReadAction","target":["https:\/\/www.vumieurope.com\/es\/terminos-de-uso\/"]}]},{"@type":"BreadcrumbList","@id":"https:\/\/www.vumieurope.com\/es\/terminos-de-uso\/#breadcrumb","itemListElement":[{"@type":"ListItem","position":1,"name":"Home","item":"https:\/\/www.vumieurope.com\/"},{"@type":"ListItem","position":2,"name":"T\u00c9RMINOS DE USO"}]},{"@type":"WebSite","@id":"https:\/\/www.vumieurope.com\/#website","url":"https:\/\/www.vumieurope.com\/","name":"VUMI\u00ae Europe","description":"International health insurance with worldwide coverage and VIP medical services","publisher":{"@id":"https:\/\/www.vumieurope.com\/#organization"},"potentialAction":[{"@type":"SearchAction","target":{"@type":"EntryPoint","urlTemplate":"https:\/\/www.vumieurope.com\/?s={search_term_string}"},"query-input":{"@type":"PropertyValueSpecification","valueRequired":true,"valueName":"search_term_string"}}],"inLanguage":"es"},{"@type":"Organization","@id":"https:\/\/www.vumieurope.com\/#organization","name":"VUMI\u00ae Europe","url":"https:\/\/www.vumieurope.com\/","logo":{"@type":"ImageObject","inLanguage":"es","@id":"https:\/\/www.vumieurope.com\/#\/schema\/logo\/image\/","url":"https:\/\/www.vumieurope.com\/wp-content\/uploads\/2024\/03\/Vumi-Europe-blue.svg","contentUrl":"https:\/\/www.vumieurope.com\/wp-content\/uploads\/2024\/03\/Vumi-Europe-blue.svg","caption":"VUMI\u00ae Europe"},"image":{"@id":"https:\/\/www.vumieurope.com\/#\/schema\/logo\/image\/"},"sameAs":["https:\/\/www.facebook.com\/VUMIGroup","https:\/\/www.linkedin.com\/company\/vumigroupinsurance\/posts\/?feedView=all","https:\/\/www.youtube.com\/user\/VUMIGroup","https:\/\/www.instagram.com\/vumi_group\/"]}]}},"_links":{"self":[{"href":"https:\/\/www.vumieurope.com\/es\/wp-json\/wp\/v2\/pages\/9300","targetHints":{"allow":["GET"]}}],"collection":[{"href":"https:\/\/www.vumieurope.com\/es\/wp-json\/wp\/v2\/pages"}],"about":[{"href":"https:\/\/www.vumieurope.com\/es\/wp-json\/wp\/v2\/types\/page"}],"author":[{"embeddable":true,"href":"https:\/\/www.vumieurope.com\/es\/wp-json\/wp\/v2\/users\/4"}],"replies":[{"embeddable":true,"href":"https:\/\/www.vumieurope.com\/es\/wp-json\/wp\/v2\/comments?post=9300"}],"version-history":[{"count":25,"href":"https:\/\/www.vumieurope.com\/es\/wp-json\/wp\/v2\/pages\/9300\/revisions"}],"predecessor-version":[{"id":11763,"href":"https:\/\/www.vumieurope.com\/es\/wp-json\/wp\/v2\/pages\/9300\/revisions\/11763"}],"wp:attachment":[{"href":"https:\/\/www.vumieurope.com\/es\/wp-json\/wp\/v2\/media?parent=9300"}],"curies":[{"name":"wp","href":"https:\/\/api.w.org\/{rel}","templated":true}]}}