{"id":9265,"date":"2025-09-04T22:29:17","date_gmt":"2025-09-05T03:29:17","guid":{"rendered":"https:\/\/www.vumieurope.com\/lets-go-hand-in-hand\/"},"modified":"2025-10-31T12:03:53","modified_gmt":"2025-10-31T17:03:53","slug":"vamos-de-la-mano","status":"publish","type":"page","link":"https:\/\/www.vumieurope.com\/es\/vamos-de-la-mano\/","title":{"rendered":"Vamos de la mano"},"content":{"rendered":"\t\t<div data-elementor-type=\"wp-page\" data-elementor-id=\"9265\" class=\"elementor elementor-9265 elementor-4888\" data-elementor-post-type=\"page\">\n\t\t\t\t\t\t<section class=\"elementor-section elementor-top-section elementor-element elementor-element-eefafa9 elementor-section-full_width elementor-section-height-default elementor-section-height-default\" data-id=\"eefafa9\" data-element_type=\"section\" data-e-type=\"section\" data-settings=\"{&quot;background_background&quot;:&quot;classic&quot;}\">\n\t\t\t\t\t\t<div class=\"elementor-container elementor-column-gap-default\">\n\t\t\t\t\t<div class=\"elementor-column elementor-col-100 elementor-top-column elementor-element elementor-element-b8d2b49\" data-id=\"b8d2b49\" data-element_type=\"column\" data-e-type=\"column\">\n\t\t\t<div class=\"elementor-widget-wrap elementor-element-populated\">\n\t\t\t\t\t\t<section class=\"elementor-section elementor-inner-section elementor-element elementor-element-df11beb elementor-section-boxed elementor-section-height-default elementor-section-height-default\" data-id=\"df11beb\" data-element_type=\"section\" data-e-type=\"section\" data-settings=\"{&quot;shape_divider_top&quot;:&quot;mountains&quot;,&quot;shape_divider_bottom&quot;:&quot;curve-asymmetrical&quot;}\">\n\t\t\t\t\t<div class=\"elementor-shape elementor-shape-top\" aria-hidden=\"true\" data-negative=\"false\">\n\t\t\t<svg xmlns=\"http:\/\/www.w3.org\/2000\/svg\" viewBox=\"0 0 1000 100\" preserveAspectRatio=\"none\">\n\t<path class=\"elementor-shape-fill\" opacity=\"0.33\" d=\"M473,67.3c-203.9,88.3-263.1-34-320.3,0C66,119.1,0,59.7,0,59.7V0h1000v59.7 c0,0-62.1,26.1-94.9,29.3c-32.8,3.3-62.8-12.3-75.8-22.1C806,49.6,745.3,8.7,694.9,4.7S492.4,59,473,67.3z\"\/>\n\t<path class=\"elementor-shape-fill\" opacity=\"0.66\" d=\"M734,67.3c-45.5,0-77.2-23.2-129.1-39.1c-28.6-8.7-150.3-10.1-254,39.1 s-91.7-34.4-149.2,0C115.7,118.3,0,39.8,0,39.8V0h1000v36.5c0,0-28.2-18.5-92.1-18.5C810.2,18.1,775.7,67.3,734,67.3z\"\/>\n\t<path class=\"elementor-shape-fill\" d=\"M766.1,28.9c-200-57.5-266,65.5-395.1,19.5C242,1.8,242,5.4,184.8,20.6C128,35.8,132.3,44.9,89.9,52.5C28.6,63.7,0,0,0,0 h1000c0,0-9.9,40.9-83.6,48.1S829.6,47,766.1,28.9z\"\/>\n<\/svg>\t\t<\/div>\n\t\t\t\t<div class=\"elementor-shape elementor-shape-bottom\" aria-hidden=\"true\" data-negative=\"false\">\n\t\t\t<svg xmlns=\"http:\/\/www.w3.org\/2000\/svg\" viewBox=\"0 0 1000 100\" preserveAspectRatio=\"none\">\n\t<path class=\"elementor-shape-fill\" d=\"M0,0c0,0,0,6,0,6.7c0,18,240.2,93.6,615.2,92.6C989.8,98.5,1000,25,1000,6.7c0-0.7,0-6.7,0-6.7H0z\"\/>\n<\/svg>\t\t<\/div>\n\t\t\t\t\t<div class=\"elementor-container elementor-column-gap-default\">\n\t\t\t\t\t<div class=\"elementor-column elementor-col-50 elementor-inner-column elementor-element elementor-element-91dd1c2\" data-id=\"91dd1c2\" data-element_type=\"column\" data-e-type=\"column\">\n\t\t\t<div class=\"elementor-widget-wrap elementor-element-populated\">\n\t\t\t\t\t\t<div class=\"elementor-element elementor-element-c769b45 elementor-widget elementor-widget-spacer\" data-id=\"c769b45\" data-element_type=\"widget\" data-e-type=\"widget\" data-widget_type=\"spacer.default\">\n\t\t\t\t<div class=\"elementor-widget-container\">\n\t\t\t\t\t\t\t<div class=\"elementor-spacer\">\n\t\t\t<div class=\"elementor-spacer-inner\"><\/div>\n\t\t<\/div>\n\t\t\t\t\t\t<\/div>\n\t\t\t\t<\/div>\n\t\t\t\t<div class=\"elementor-element elementor-element-e22ab0d elementor-widget elementor-widget-image\" data-id=\"e22ab0d\" data-element_type=\"widget\" data-e-type=\"widget\" data-widget_type=\"image.default\">\n\t\t\t\t<div class=\"elementor-widget-container\">\n\t\t\t\t\t\t\t\t\t\t\t\t\t\t\t<img fetchpriority=\"high\" decoding=\"async\" width=\"456\" height=\"434\" src=\"https:\/\/www.vumieurope.com\/wp-content\/uploads\/2025\/10\/vamos-2.svg\" class=\"attachment-large size-large wp-image-9276\" alt=\"\" \/>\t\t\t\t\t\t\t\t\t\t\t\t\t\t\t<\/div>\n\t\t\t\t<\/div>\n\t\t\t\t<div class=\"elementor-element elementor-element-2638ec5 elementor-widget__width-initial elementor-widget elementor-widget-text-editor\" data-id=\"2638ec5\" data-element_type=\"widget\" data-e-type=\"widget\" data-widget_type=\"text-editor.default\">\n\t\t\t\t<div class=\"elementor-widget-container\">\n\t\t\t\t\t\t\t\t\t<p>En VUMI<sup>\u00ae<\/sup>, usted no est\u00e1 sola en la lucha contra el c\u00e1ncer de mama. VUMI<sup>\u00ae<\/sup> acompa\u00f1a a todos nuestros asegurados en esta batalla, desde la detecci\u00f3n temprana hasta el diagn\u00f3stico y el tratamiento. Con asistencia 24\/7, servicios de Concierge M\u00e9dico VIP, acceso a los principales centros oncol\u00f3gicos de Europa y un enfoque verdaderamente humano, puede contar con VUMI<sup>\u00ae<\/sup> para recibir atenci\u00f3n experta y apoyo constante en cada etapa de su cuidado.<\/p>\t\t\t\t\t\t\t\t<\/div>\n\t\t\t\t<\/div>\n\t\t\t\t\t<\/div>\n\t\t<\/div>\n\t\t\t\t<div class=\"elementor-column elementor-col-50 elementor-inner-column elementor-element elementor-element-24e6a77\" data-id=\"24e6a77\" data-element_type=\"column\" data-e-type=\"column\">\n\t\t\t<div class=\"elementor-widget-wrap elementor-element-populated\">\n\t\t\t\t\t\t<div class=\"elementor-element elementor-element-dc2720e elementor-widget elementor-widget-image\" data-id=\"dc2720e\" data-element_type=\"widget\" data-e-type=\"widget\" data-widget_type=\"image.default\">\n\t\t\t\t<div class=\"elementor-widget-container\">\n\t\t\t\t\t\t\t\t\t\t\t\t\t\t\t<img decoding=\"async\" width=\"628\" height=\"551\" src=\"https:\/\/www.vumieurope.com\/wp-content\/uploads\/2025\/09\/womans-2.png\" class=\"attachment-large size-large wp-image-4909\" alt=\"\" srcset=\"https:\/\/www.vumieurope.com\/wp-content\/uploads\/2025\/09\/womans-2.png 628w, https:\/\/www.vumieurope.com\/wp-content\/uploads\/2025\/09\/womans-2-300x263.png 300w\" sizes=\"(max-width: 628px) 100vw, 628px\" \/>\t\t\t\t\t\t\t\t\t\t\t\t\t\t\t<\/div>\n\t\t\t\t<\/div>\n\t\t\t\t<div class=\"elementor-element elementor-element-4661670 elementor-widget elementor-widget-spacer\" data-id=\"4661670\" data-element_type=\"widget\" data-e-type=\"widget\" data-widget_type=\"spacer.default\">\n\t\t\t\t<div class=\"elementor-widget-container\">\n\t\t\t\t\t\t\t<div class=\"elementor-spacer\">\n\t\t\t<div class=\"elementor-spacer-inner\"><\/div>\n\t\t<\/div>\n\t\t\t\t\t\t<\/div>\n\t\t\t\t<\/div>\n\t\t\t\t\t<\/div>\n\t\t<\/div>\n\t\t\t\t\t<\/div>\n\t\t<\/section>\n\t\t\t\t\t<\/div>\n\t\t<\/div>\n\t\t\t\t\t<\/div>\n\t\t<\/section>\n\t\t\t\t<section class=\"elementor-section elementor-top-section elementor-element elementor-element-4184885 elementor-section-boxed elementor-section-height-default elementor-section-height-default\" data-id=\"4184885\" data-element_type=\"section\" data-e-type=\"section\" data-settings=\"{&quot;background_background&quot;:&quot;classic&quot;,&quot;shape_divider_top&quot;:&quot;curve&quot;,&quot;shape_divider_bottom&quot;:&quot;mountains&quot;}\">\n\t\t\t\t\t<div class=\"elementor-shape elementor-shape-top\" aria-hidden=\"true\" data-negative=\"false\">\n\t\t\t<svg xmlns=\"http:\/\/www.w3.org\/2000\/svg\" viewBox=\"0 0 1000 100\" preserveAspectRatio=\"none\">\n    <path class=\"elementor-shape-fill\" d=\"M1000,4.3V0H0v4.3C0.9,23.1,126.7,99.2,500,100S1000,22.7,1000,4.3z\"\/>\n<\/svg>\t\t<\/div>\n\t\t\t\t<div class=\"elementor-shape elementor-shape-bottom\" aria-hidden=\"true\" data-negative=\"false\">\n\t\t\t<svg xmlns=\"http:\/\/www.w3.org\/2000\/svg\" viewBox=\"0 0 1000 100\" preserveAspectRatio=\"none\">\n\t<path class=\"elementor-shape-fill\" opacity=\"0.33\" d=\"M473,67.3c-203.9,88.3-263.1-34-320.3,0C66,119.1,0,59.7,0,59.7V0h1000v59.7 c0,0-62.1,26.1-94.9,29.3c-32.8,3.3-62.8-12.3-75.8-22.1C806,49.6,745.3,8.7,694.9,4.7S492.4,59,473,67.3z\"\/>\n\t<path class=\"elementor-shape-fill\" opacity=\"0.66\" d=\"M734,67.3c-45.5,0-77.2-23.2-129.1-39.1c-28.6-8.7-150.3-10.1-254,39.1 s-91.7-34.4-149.2,0C115.7,118.3,0,39.8,0,39.8V0h1000v36.5c0,0-28.2-18.5-92.1-18.5C810.2,18.1,775.7,67.3,734,67.3z\"\/>\n\t<path class=\"elementor-shape-fill\" d=\"M766.1,28.9c-200-57.5-266,65.5-395.1,19.5C242,1.8,242,5.4,184.8,20.6C128,35.8,132.3,44.9,89.9,52.5C28.6,63.7,0,0,0,0 h1000c0,0-9.9,40.9-83.6,48.1S829.6,47,766.1,28.9z\"\/>\n<\/svg>\t\t<\/div>\n\t\t\t\t\t<div class=\"elementor-container elementor-column-gap-default\">\n\t\t\t\t\t<div class=\"elementor-column elementor-col-100 elementor-top-column elementor-element elementor-element-9212552\" data-id=\"9212552\" data-element_type=\"column\" data-e-type=\"column\">\n\t\t\t<div class=\"elementor-widget-wrap elementor-element-populated\">\n\t\t\t\t\t\t<section class=\"elementor-section elementor-inner-section elementor-element elementor-element-7ed6a63 elementor-section-boxed elementor-section-height-default elementor-section-height-default\" data-id=\"7ed6a63\" data-element_type=\"section\" data-e-type=\"section\">\n\t\t\t\t\t\t<div class=\"elementor-container elementor-column-gap-default\">\n\t\t\t\t\t<div class=\"elementor-column elementor-col-50 elementor-inner-column elementor-element elementor-element-532a9be\" data-id=\"532a9be\" data-element_type=\"column\" data-e-type=\"column\">\n\t\t\t<div class=\"elementor-widget-wrap elementor-element-populated\">\n\t\t\t\t\t\t<div class=\"elementor-element elementor-element-b44eeaf elementor-widget elementor-widget-spacer\" data-id=\"b44eeaf\" data-element_type=\"widget\" data-e-type=\"widget\" data-widget_type=\"spacer.default\">\n\t\t\t\t<div class=\"elementor-widget-container\">\n\t\t\t\t\t\t\t<div class=\"elementor-spacer\">\n\t\t\t<div class=\"elementor-spacer-inner\"><\/div>\n\t\t<\/div>\n\t\t\t\t\t\t<\/div>\n\t\t\t\t<\/div>\n\t\t\t\t<div class=\"elementor-element elementor-element-4a93186 elementor-widget elementor-widget-video\" data-id=\"4a93186\" data-element_type=\"widget\" data-e-type=\"widget\" data-settings=\"{&quot;video_type&quot;:&quot;hosted&quot;,&quot;controls&quot;:&quot;yes&quot;}\" data-widget_type=\"video.default\">\n\t\t\t\t<div class=\"elementor-widget-container\">\n\t\t\t\t\t\t\t<div class=\"e-hosted-video elementor-wrapper elementor-open-inline\">\n\t\t\t\t\t<video class=\"elementor-video\" src=\"https:\/\/www.vumieurope.com\/wp-content\/uploads\/2025\/10\/Cancer-de-Mamas.mp4\" controls=\"\" preload=\"metadata\" controlsList=\"nodownload\"><\/video>\n\t\t\t\t<\/div>\n\t\t\t\t\t\t<\/div>\n\t\t\t\t<\/div>\n\t\t\t\t\t<\/div>\n\t\t<\/div>\n\t\t\t\t<div class=\"elementor-column elementor-col-50 elementor-inner-column elementor-element elementor-element-d7d38cd\" data-id=\"d7d38cd\" data-element_type=\"column\" data-e-type=\"column\">\n\t\t\t<div class=\"elementor-widget-wrap elementor-element-populated\">\n\t\t\t\t\t\t<div class=\"elementor-element elementor-element-4b6d21c elementor-widget__width-initial elementor-hidden-tablet elementor-hidden-mobile elementor-widget elementor-widget-image\" data-id=\"4b6d21c\" data-element_type=\"widget\" data-e-type=\"widget\" data-widget_type=\"image.default\">\n\t\t\t\t<div class=\"elementor-widget-container\">\n\t\t\t\t\t\t\t\t\t\t\t\t\t\t\t<img decoding=\"async\" width=\"603\" height=\"702\" src=\"https:\/\/www.vumieurope.com\/wp-content\/uploads\/2025\/09\/medic.png\" class=\"attachment-large size-large wp-image-4913\" alt=\"\" srcset=\"https:\/\/www.vumieurope.com\/wp-content\/uploads\/2025\/09\/medic.png 603w, https:\/\/www.vumieurope.com\/wp-content\/uploads\/2025\/09\/medic-258x300.png 258w\" sizes=\"(max-width: 603px) 100vw, 603px\" \/>\t\t\t\t\t\t\t\t\t\t\t\t\t\t\t<\/div>\n\t\t\t\t<\/div>\n\t\t\t\t\t<\/div>\n\t\t<\/div>\n\t\t\t\t\t<\/div>\n\t\t<\/section>\n\t\t\t\t\t<\/div>\n\t\t<\/div>\n\t\t\t\t\t<\/div>\n\t\t<\/section>\n\t\t\t\t<\/div>\n\t\t","protected":false},"excerpt":{"rendered":"<p>En VUMI\u00ae, usted no est\u00e1 sola en la lucha contra el c\u00e1ncer de mama. VUMI\u00ae acompa\u00f1a a todos nuestros asegurados en esta batalla, desde la detecci\u00f3n temprana hasta el diagn\u00f3stico y el tratamiento. Con asistencia 24\/7, servicios de Concierge M\u00e9dico VIP, acceso a los principales centros oncol\u00f3gicos de Europa y un enfoque verdaderamente humano, puede [&hellip;]<\/p>\n","protected":false},"author":4,"featured_media":0,"parent":0,"menu_order":0,"comment_status":"closed","ping_status":"closed","template":"","meta":{"footnotes":""},"class_list":["post-9265","page","type-page","status-publish","hentry"],"yoast_head":"<!-- This site is optimized with the Yoast SEO plugin v27.5 - https:\/\/yoast.com\/product\/yoast-seo-wordpress\/ -->\n<title>Vamos de la mano - VUMI\u00ae Europe<\/title>\n<meta name=\"robots\" content=\"index, follow, max-snippet:-1, max-image-preview:large, max-video-preview:-1\" \/>\n<link rel=\"canonical\" href=\"https:\/\/www.vumieurope.com\/lets-go-hand-in-hand\/\" \/>\n<meta property=\"og:locale\" content=\"es_ES\" \/>\n<meta property=\"og:type\" content=\"article\" \/>\n<meta property=\"og:title\" content=\"Vamos de la mano - VUMI\u00ae Europe\" \/>\n<meta property=\"og:description\" content=\"En VUMI\u00ae, usted no est\u00e1 sola en la lucha contra el c\u00e1ncer de mama. VUMI\u00ae acompa\u00f1a a todos nuestros asegurados en esta batalla, desde la detecci\u00f3n temprana hasta el diagn\u00f3stico y el tratamiento. Con asistencia 24\/7, servicios de Concierge M\u00e9dico VIP, acceso a los principales centros oncol\u00f3gicos de Europa y un enfoque verdaderamente humano, puede [&hellip;]\" \/>\n<meta property=\"og:url\" content=\"https:\/\/www.vumieurope.com\/lets-go-hand-in-hand\/\" \/>\n<meta property=\"og:site_name\" content=\"VUMI\u00ae Europe\" \/>\n<meta property=\"article:publisher\" content=\"https:\/\/www.facebook.com\/VUMIGroup\" \/>\n<meta property=\"article:modified_time\" content=\"2025-10-31T17:03:53+00:00\" \/>\n<meta name=\"twitter:card\" content=\"summary_large_image\" \/>\n<meta name=\"twitter:label1\" content=\"Tiempo de lectura\" \/>\n\t<meta name=\"twitter:data1\" content=\"1 minuto\" \/>\n<script type=\"application\/ld+json\" class=\"yoast-schema-graph\">{\"@context\":\"https:\\\/\\\/schema.org\",\"@graph\":[{\"@type\":\"WebPage\",\"@id\":\"https:\\\/\\\/www.vumieurope.com\\\/lets-go-hand-in-hand\\\/\",\"url\":\"https:\\\/\\\/www.vumieurope.com\\\/lets-go-hand-in-hand\\\/\",\"name\":\"Vamos de la mano - VUMI\u00ae Europe\",\"isPartOf\":{\"@id\":\"https:\\\/\\\/www.vumieurope.com\\\/#website\"},\"primaryImageOfPage\":{\"@id\":\"https:\\\/\\\/www.vumieurope.com\\\/lets-go-hand-in-hand\\\/#primaryimage\"},\"image\":{\"@id\":\"https:\\\/\\\/www.vumieurope.com\\\/lets-go-hand-in-hand\\\/#primaryimage\"},\"thumbnailUrl\":\"https:\\\/\\\/www.vumieurope.com\\\/wp-content\\\/uploads\\\/2025\\\/10\\\/vamos-2.svg\",\"datePublished\":\"2025-09-05T03:29:17+00:00\",\"dateModified\":\"2025-10-31T17:03:53+00:00\",\"breadcrumb\":{\"@id\":\"https:\\\/\\\/www.vumieurope.com\\\/lets-go-hand-in-hand\\\/#breadcrumb\"},\"inLanguage\":\"es\",\"potentialAction\":[{\"@type\":\"ReadAction\",\"target\":[\"https:\\\/\\\/www.vumieurope.com\\\/lets-go-hand-in-hand\\\/\"]}]},{\"@type\":\"ImageObject\",\"inLanguage\":\"es\",\"@id\":\"https:\\\/\\\/www.vumieurope.com\\\/lets-go-hand-in-hand\\\/#primaryimage\",\"url\":\"https:\\\/\\\/www.vumieurope.com\\\/wp-content\\\/uploads\\\/2025\\\/10\\\/vamos-2.svg\",\"contentUrl\":\"https:\\\/\\\/www.vumieurope.com\\\/wp-content\\\/uploads\\\/2025\\\/10\\\/vamos-2.svg\"},{\"@type\":\"BreadcrumbList\",\"@id\":\"https:\\\/\\\/www.vumieurope.com\\\/lets-go-hand-in-hand\\\/#breadcrumb\",\"itemListElement\":[{\"@type\":\"ListItem\",\"position\":1,\"name\":\"Home\",\"item\":\"https:\\\/\\\/www.vumieurope.com\\\/\"},{\"@type\":\"ListItem\",\"position\":2,\"name\":\"Vamos de la mano\"}]},{\"@type\":\"WebSite\",\"@id\":\"https:\\\/\\\/www.vumieurope.com\\\/#website\",\"url\":\"https:\\\/\\\/www.vumieurope.com\\\/\",\"name\":\"VUMI\u00ae Europe\",\"description\":\"International health insurance with worldwide coverage and VIP medical services\",\"publisher\":{\"@id\":\"https:\\\/\\\/www.vumieurope.com\\\/#organization\"},\"potentialAction\":[{\"@type\":\"SearchAction\",\"target\":{\"@type\":\"EntryPoint\",\"urlTemplate\":\"https:\\\/\\\/www.vumieurope.com\\\/?s={search_term_string}\"},\"query-input\":{\"@type\":\"PropertyValueSpecification\",\"valueRequired\":true,\"valueName\":\"search_term_string\"}}],\"inLanguage\":\"es\"},{\"@type\":\"Organization\",\"@id\":\"https:\\\/\\\/www.vumieurope.com\\\/#organization\",\"name\":\"VUMI\u00ae Europe\",\"url\":\"https:\\\/\\\/www.vumieurope.com\\\/\",\"logo\":{\"@type\":\"ImageObject\",\"inLanguage\":\"es\",\"@id\":\"https:\\\/\\\/www.vumieurope.com\\\/#\\\/schema\\\/logo\\\/image\\\/\",\"url\":\"https:\\\/\\\/www.vumieurope.com\\\/wp-content\\\/uploads\\\/2024\\\/03\\\/Vumi-Europe-blue.svg\",\"contentUrl\":\"https:\\\/\\\/www.vumieurope.com\\\/wp-content\\\/uploads\\\/2024\\\/03\\\/Vumi-Europe-blue.svg\",\"caption\":\"VUMI\u00ae Europe\"},\"image\":{\"@id\":\"https:\\\/\\\/www.vumieurope.com\\\/#\\\/schema\\\/logo\\\/image\\\/\"},\"sameAs\":[\"https:\\\/\\\/www.facebook.com\\\/VUMIGroup\",\"https:\\\/\\\/www.linkedin.com\\\/company\\\/vumigroupinsurance\\\/posts\\\/?feedView=all\",\"https:\\\/\\\/www.youtube.com\\\/user\\\/VUMIGroup\",\"https:\\\/\\\/www.instagram.com\\\/vumi_group\\\/\"]}]}<\/script>\n<!-- \/ Yoast SEO plugin. -->","yoast_head_json":{"title":"Vamos de la mano - VUMI\u00ae Europe","robots":{"index":"index","follow":"follow","max-snippet":"max-snippet:-1","max-image-preview":"max-image-preview:large","max-video-preview":"max-video-preview:-1"},"canonical":"https:\/\/www.vumieurope.com\/lets-go-hand-in-hand\/","og_locale":"es_ES","og_type":"article","og_title":"Vamos de la mano - VUMI\u00ae Europe","og_description":"En VUMI\u00ae, usted no est\u00e1 sola en la lucha contra el c\u00e1ncer de mama. VUMI\u00ae acompa\u00f1a a todos nuestros asegurados en esta batalla, desde la detecci\u00f3n temprana hasta el diagn\u00f3stico y el tratamiento. Con asistencia 24\/7, servicios de Concierge M\u00e9dico VIP, acceso a los principales centros oncol\u00f3gicos de Europa y un enfoque verdaderamente humano, puede [&hellip;]","og_url":"https:\/\/www.vumieurope.com\/lets-go-hand-in-hand\/","og_site_name":"VUMI\u00ae Europe","article_publisher":"https:\/\/www.facebook.com\/VUMIGroup","article_modified_time":"2025-10-31T17:03:53+00:00","twitter_card":"summary_large_image","twitter_misc":{"Tiempo de lectura":"1 minuto"},"schema":{"@context":"https:\/\/schema.org","@graph":[{"@type":"WebPage","@id":"https:\/\/www.vumieurope.com\/lets-go-hand-in-hand\/","url":"https:\/\/www.vumieurope.com\/lets-go-hand-in-hand\/","name":"Vamos de la mano - VUMI\u00ae Europe","isPartOf":{"@id":"https:\/\/www.vumieurope.com\/#website"},"primaryImageOfPage":{"@id":"https:\/\/www.vumieurope.com\/lets-go-hand-in-hand\/#primaryimage"},"image":{"@id":"https:\/\/www.vumieurope.com\/lets-go-hand-in-hand\/#primaryimage"},"thumbnailUrl":"https:\/\/www.vumieurope.com\/wp-content\/uploads\/2025\/10\/vamos-2.svg","datePublished":"2025-09-05T03:29:17+00:00","dateModified":"2025-10-31T17:03:53+00:00","breadcrumb":{"@id":"https:\/\/www.vumieurope.com\/lets-go-hand-in-hand\/#breadcrumb"},"inLanguage":"es","potentialAction":[{"@type":"ReadAction","target":["https:\/\/www.vumieurope.com\/lets-go-hand-in-hand\/"]}]},{"@type":"ImageObject","inLanguage":"es","@id":"https:\/\/www.vumieurope.com\/lets-go-hand-in-hand\/#primaryimage","url":"https:\/\/www.vumieurope.com\/wp-content\/uploads\/2025\/10\/vamos-2.svg","contentUrl":"https:\/\/www.vumieurope.com\/wp-content\/uploads\/2025\/10\/vamos-2.svg"},{"@type":"BreadcrumbList","@id":"https:\/\/www.vumieurope.com\/lets-go-hand-in-hand\/#breadcrumb","itemListElement":[{"@type":"ListItem","position":1,"name":"Home","item":"https:\/\/www.vumieurope.com\/"},{"@type":"ListItem","position":2,"name":"Vamos de la mano"}]},{"@type":"WebSite","@id":"https:\/\/www.vumieurope.com\/#website","url":"https:\/\/www.vumieurope.com\/","name":"VUMI\u00ae Europe","description":"International health insurance with worldwide coverage and VIP medical services","publisher":{"@id":"https:\/\/www.vumieurope.com\/#organization"},"potentialAction":[{"@type":"SearchAction","target":{"@type":"EntryPoint","urlTemplate":"https:\/\/www.vumieurope.com\/?s={search_term_string}"},"query-input":{"@type":"PropertyValueSpecification","valueRequired":true,"valueName":"search_term_string"}}],"inLanguage":"es"},{"@type":"Organization","@id":"https:\/\/www.vumieurope.com\/#organization","name":"VUMI\u00ae Europe","url":"https:\/\/www.vumieurope.com\/","logo":{"@type":"ImageObject","inLanguage":"es","@id":"https:\/\/www.vumieurope.com\/#\/schema\/logo\/image\/","url":"https:\/\/www.vumieurope.com\/wp-content\/uploads\/2024\/03\/Vumi-Europe-blue.svg","contentUrl":"https:\/\/www.vumieurope.com\/wp-content\/uploads\/2024\/03\/Vumi-Europe-blue.svg","caption":"VUMI\u00ae Europe"},"image":{"@id":"https:\/\/www.vumieurope.com\/#\/schema\/logo\/image\/"},"sameAs":["https:\/\/www.facebook.com\/VUMIGroup","https:\/\/www.linkedin.com\/company\/vumigroupinsurance\/posts\/?feedView=all","https:\/\/www.youtube.com\/user\/VUMIGroup","https:\/\/www.instagram.com\/vumi_group\/"]}]}},"_links":{"self":[{"href":"https:\/\/www.vumieurope.com\/es\/wp-json\/wp\/v2\/pages\/9265","targetHints":{"allow":["GET"]}}],"collection":[{"href":"https:\/\/www.vumieurope.com\/es\/wp-json\/wp\/v2\/pages"}],"about":[{"href":"https:\/\/www.vumieurope.com\/es\/wp-json\/wp\/v2\/types\/page"}],"author":[{"embeddable":true,"href":"https:\/\/www.vumieurope.com\/es\/wp-json\/wp\/v2\/users\/4"}],"replies":[{"embeddable":true,"href":"https:\/\/www.vumieurope.com\/es\/wp-json\/wp\/v2\/comments?post=9265"}],"version-history":[{"count":7,"href":"https:\/\/www.vumieurope.com\/es\/wp-json\/wp\/v2\/pages\/9265\/revisions"}],"predecessor-version":[{"id":9765,"href":"https:\/\/www.vumieurope.com\/es\/wp-json\/wp\/v2\/pages\/9265\/revisions\/9765"}],"wp:attachment":[{"href":"https:\/\/www.vumieurope.com\/es\/wp-json\/wp\/v2\/media?parent=9265"}],"curies":[{"name":"wp","href":"https:\/\/api.w.org\/{rel}","templated":true}]}}