{"id":9253,"date":"2025-09-04T22:49:41","date_gmt":"2025-09-05T03:49:41","guid":{"rendered":"https:\/\/www.vumieurope.com\/claims\/"},"modified":"2026-03-10T15:08:12","modified_gmt":"2026-03-10T20:08:12","slug":"reclamos","status":"publish","type":"page","link":"https:\/\/www.vumieurope.com\/es\/reclamos\/","title":{"rendered":"Reclamos"},"content":{"rendered":"\t\t<div data-elementor-type=\"wp-page\" data-elementor-id=\"9253\" class=\"elementor elementor-9253 elementor-4930\" data-elementor-post-type=\"page\">\n\t\t\t\t\t\t<section class=\"elementor-section elementor-top-section elementor-element elementor-element-f73fe31 elementor-section-height-min-height elementor-section-boxed elementor-section-height-default elementor-section-items-middle\" data-id=\"f73fe31\" data-element_type=\"section\" data-e-type=\"section\" data-settings=\"{&quot;background_background&quot;:&quot;classic&quot;,&quot;shape_divider_bottom&quot;:&quot;mountains&quot;}\">\n\t\t\t\t\t<div class=\"elementor-shape elementor-shape-bottom\" aria-hidden=\"true\" data-negative=\"false\">\n\t\t\t<svg xmlns=\"http:\/\/www.w3.org\/2000\/svg\" viewBox=\"0 0 1000 100\" preserveAspectRatio=\"none\">\n\t<path class=\"elementor-shape-fill\" opacity=\"0.33\" d=\"M473,67.3c-203.9,88.3-263.1-34-320.3,0C66,119.1,0,59.7,0,59.7V0h1000v59.7 c0,0-62.1,26.1-94.9,29.3c-32.8,3.3-62.8-12.3-75.8-22.1C806,49.6,745.3,8.7,694.9,4.7S492.4,59,473,67.3z\"\/>\n\t<path class=\"elementor-shape-fill\" opacity=\"0.66\" d=\"M734,67.3c-45.5,0-77.2-23.2-129.1-39.1c-28.6-8.7-150.3-10.1-254,39.1 s-91.7-34.4-149.2,0C115.7,118.3,0,39.8,0,39.8V0h1000v36.5c0,0-28.2-18.5-92.1-18.5C810.2,18.1,775.7,67.3,734,67.3z\"\/>\n\t<path class=\"elementor-shape-fill\" d=\"M766.1,28.9c-200-57.5-266,65.5-395.1,19.5C242,1.8,242,5.4,184.8,20.6C128,35.8,132.3,44.9,89.9,52.5C28.6,63.7,0,0,0,0 h1000c0,0-9.9,40.9-83.6,48.1S829.6,47,766.1,28.9z\"\/>\n<\/svg>\t\t<\/div>\n\t\t\t\t\t<div class=\"elementor-container elementor-column-gap-default\">\n\t\t\t\t\t<div class=\"elementor-column elementor-col-100 elementor-top-column elementor-element elementor-element-dd8e625\" data-id=\"dd8e625\" data-element_type=\"column\" data-e-type=\"column\">\n\t\t\t<div class=\"elementor-widget-wrap elementor-element-populated\">\n\t\t\t\t\t\t<section class=\"elementor-section elementor-inner-section elementor-element elementor-element-7087dd3 elementor-section-boxed elementor-section-height-default elementor-section-height-default\" data-id=\"7087dd3\" data-element_type=\"section\" data-e-type=\"section\">\n\t\t\t\t\t\t<div class=\"elementor-container elementor-column-gap-default\">\n\t\t\t\t\t<div class=\"elementor-column elementor-col-50 elementor-inner-column elementor-element elementor-element-485305a\" data-id=\"485305a\" data-element_type=\"column\" data-e-type=\"column\">\n\t\t\t<div class=\"elementor-widget-wrap elementor-element-populated\">\n\t\t\t\t\t\t<div class=\"elementor-element elementor-element-7c0ef0c elementor-hidden-mobile elementor-widget elementor-widget-image\" data-id=\"7c0ef0c\" data-element_type=\"widget\" data-e-type=\"widget\" data-settings=\"{&quot;motion_fx_motion_fx_scrolling&quot;:&quot;yes&quot;,&quot;motion_fx_translateX_effect&quot;:&quot;yes&quot;,&quot;motion_fx_motion_fx_mouse&quot;:&quot;yes&quot;,&quot;motion_fx_scale_effect&quot;:&quot;yes&quot;,&quot;motion_fx_scale_direction&quot;:&quot;in-out-in&quot;,&quot;motion_fx_scale_speed&quot;:{&quot;unit&quot;:&quot;px&quot;,&quot;size&quot;:1,&quot;sizes&quot;:[]},&quot;motion_fx_scale_range&quot;:{&quot;unit&quot;:&quot;%&quot;,&quot;size&quot;:&quot;&quot;,&quot;sizes&quot;:{&quot;start&quot;:37,&quot;end&quot;:80}},&quot;motion_fx_translateX_speed&quot;:{&quot;unit&quot;:&quot;px&quot;,&quot;size&quot;:4,&quot;sizes&quot;:[]},&quot;motion_fx_translateX_affectedRange&quot;:{&quot;unit&quot;:&quot;%&quot;,&quot;size&quot;:&quot;&quot;,&quot;sizes&quot;:{&quot;start&quot;:0,&quot;end&quot;:100}},&quot;motion_fx_devices&quot;:[&quot;desktop&quot;,&quot;tablet&quot;,&quot;mobile&quot;]}\" data-widget_type=\"image.default\">\n\t\t\t\t<div class=\"elementor-widget-container\">\n\t\t\t\t\t\t\t\t\t\t\t\t\t\t\t<img fetchpriority=\"high\" decoding=\"async\" width=\"800\" height=\"611\" src=\"https:\/\/www.vumieurope.com\/wp-content\/uploads\/2025\/11\/claims-2025-1024x782.png\" class=\"attachment-large size-large wp-image-9945\" alt=\"\" srcset=\"https:\/\/www.vumieurope.com\/wp-content\/uploads\/2025\/11\/claims-2025-1024x782.png 1024w, https:\/\/www.vumieurope.com\/wp-content\/uploads\/2025\/11\/claims-2025-300x229.png 300w, https:\/\/www.vumieurope.com\/wp-content\/uploads\/2025\/11\/claims-2025-768x586.png 768w, https:\/\/www.vumieurope.com\/wp-content\/uploads\/2025\/11\/claims-2025.png 1112w\" sizes=\"(max-width: 800px) 100vw, 800px\" \/>\t\t\t\t\t\t\t\t\t\t\t\t\t\t\t<\/div>\n\t\t\t\t<\/div>\n\t\t\t\t\t<\/div>\n\t\t<\/div>\n\t\t\t\t<div class=\"elementor-column elementor-col-50 elementor-inner-column elementor-element elementor-element-4bc4ab3\" data-id=\"4bc4ab3\" data-element_type=\"column\" data-e-type=\"column\">\n\t\t\t<div class=\"elementor-widget-wrap elementor-element-populated\">\n\t\t\t\t\t\t<div class=\"elementor-element elementor-element-f3c9905 elementor-widget elementor-widget-spacer\" data-id=\"f3c9905\" data-element_type=\"widget\" data-e-type=\"widget\" data-widget_type=\"spacer.default\">\n\t\t\t\t<div class=\"elementor-widget-container\">\n\t\t\t\t\t\t\t<div class=\"elementor-spacer\">\n\t\t\t<div class=\"elementor-spacer-inner\"><\/div>\n\t\t<\/div>\n\t\t\t\t\t\t<\/div>\n\t\t\t\t<\/div>\n\t\t\t\t<div class=\"elementor-element elementor-element-48dbc4c elementor-widget elementor-widget-heading\" data-id=\"48dbc4c\" data-element_type=\"widget\" data-e-type=\"widget\" data-widget_type=\"heading.default\">\n\t\t\t\t<div class=\"elementor-widget-container\">\n\t\t\t\t\t<h1 class=\"elementor-heading-title elementor-size-default\"><strong> RECLAMACIONEs<\/strong><\/h1>\t\t\t\t<\/div>\n\t\t\t\t<\/div>\n\t\t\t\t<div class=\"elementor-element elementor-element-a8ed410 elementor-widget elementor-widget-heading\" data-id=\"a8ed410\" data-element_type=\"widget\" data-e-type=\"widget\" data-widget_type=\"heading.default\">\n\t\t\t\t<div class=\"elementor-widget-container\">\n\t\t\t\t\t<h1 class=\"elementor-heading-title elementor-size-default\">OBTENER un ReEMBOLSO Es F\u00c1CIL Y R\u00c1PIDO<\/h1>\t\t\t\t<\/div>\n\t\t\t\t<\/div>\n\t\t\t\t<div class=\"elementor-element elementor-element-cd37b11 elementor-widget__width-initial elementor-widget elementor-widget-text-editor\" data-id=\"cd37b11\" data-element_type=\"widget\" data-e-type=\"widget\" data-widget_type=\"text-editor.default\">\n\t\t\t\t<div class=\"elementor-widget-container\">\n\t\t\t\t\t\t\t\t\t<p>Entendemos lo importante que es recibir su reembolso r\u00e1pidamente y sin complicaciones.<\/p>\t\t\t\t\t\t\t\t<\/div>\n\t\t\t\t<\/div>\n\t\t\t\t<div class=\"elementor-element elementor-element-a5774aa elementor-hidden-desktop elementor-hidden-tablet elementor-widget elementor-widget-image\" data-id=\"a5774aa\" data-element_type=\"widget\" data-e-type=\"widget\" data-settings=\"{&quot;motion_fx_motion_fx_mouse&quot;:&quot;yes&quot;}\" data-widget_type=\"image.default\">\n\t\t\t\t<div class=\"elementor-widget-container\">\n\t\t\t\t\t\t\t\t\t\t\t\t\t\t\t<img fetchpriority=\"high\" decoding=\"async\" width=\"800\" height=\"611\" src=\"https:\/\/www.vumieurope.com\/wp-content\/uploads\/2025\/11\/claims-2025-1024x782.png\" class=\"attachment-large size-large wp-image-9945\" alt=\"\" srcset=\"https:\/\/www.vumieurope.com\/wp-content\/uploads\/2025\/11\/claims-2025-1024x782.png 1024w, https:\/\/www.vumieurope.com\/wp-content\/uploads\/2025\/11\/claims-2025-300x229.png 300w, https:\/\/www.vumieurope.com\/wp-content\/uploads\/2025\/11\/claims-2025-768x586.png 768w, https:\/\/www.vumieurope.com\/wp-content\/uploads\/2025\/11\/claims-2025.png 1112w\" sizes=\"(max-width: 800px) 100vw, 800px\" \/>\t\t\t\t\t\t\t\t\t\t\t\t\t\t\t<\/div>\n\t\t\t\t<\/div>\n\t\t\t\t\t<\/div>\n\t\t<\/div>\n\t\t\t\t\t<\/div>\n\t\t<\/section>\n\t\t\t\t\t<\/div>\n\t\t<\/div>\n\t\t\t\t\t<\/div>\n\t\t<\/section>\n\t\t\t\t<section class=\"elementor-section elementor-top-section elementor-element elementor-element-e13d858 elementor-section-boxed elementor-section-height-default elementor-section-height-default\" data-id=\"e13d858\" data-element_type=\"section\" data-e-type=\"section\">\n\t\t\t\t\t\t<div class=\"elementor-container elementor-column-gap-default\">\n\t\t\t\t\t<div class=\"elementor-column elementor-col-100 elementor-top-column elementor-element elementor-element-101fffa\" data-id=\"101fffa\" data-element_type=\"column\" data-e-type=\"column\" data-settings=\"{&quot;background_background&quot;:&quot;classic&quot;}\">\n\t\t\t<div class=\"elementor-widget-wrap elementor-element-populated\">\n\t\t\t\t\t\t<section class=\"elementor-section elementor-inner-section elementor-element elementor-element-68b8656 elementor-section-boxed elementor-section-height-default elementor-section-height-default\" data-id=\"68b8656\" data-element_type=\"section\" data-e-type=\"section\">\n\t\t\t\t\t\t<div class=\"elementor-container elementor-column-gap-default\">\n\t\t\t\t\t<div class=\"elementor-column elementor-col-100 elementor-inner-column elementor-element elementor-element-3393bf2\" data-id=\"3393bf2\" data-element_type=\"column\" data-e-type=\"column\">\n\t\t\t<div class=\"elementor-widget-wrap elementor-element-populated\">\n\t\t\t\t\t\t<div class=\"elementor-element elementor-element-7d7e450 elementor-widget elementor-widget-heading\" data-id=\"7d7e450\" data-element_type=\"widget\" data-e-type=\"widget\" data-widget_type=\"heading.default\">\n\t\t\t\t<div class=\"elementor-widget-container\">\n\t\t\t\t\t<h2 class=\"elementor-heading-title elementor-size-default\"><strong>Por eso hemos hecho que el proceso sea <\/strong><br>\n\n <strong>f\u00e1cil y sencillo<\/strong>. Solo debe seguir estos pasos:<\/h2>\t\t\t\t<\/div>\n\t\t\t\t<\/div>\n\t\t\t\t<div class=\"elementor-element elementor-element-07c55bf elementor-widget__width-initial elementor-widget elementor-widget-text-editor\" data-id=\"07c55bf\" data-element_type=\"widget\" data-e-type=\"widget\" data-widget_type=\"text-editor.default\">\n\t\t\t\t<div class=\"elementor-widget-container\">\n\t\t\t\t\t\t\t\t\t<p><strong>Env\u00ede un correo electr\u00f3nico a <span style=\"text-decoration: underline;\"><a href=\"mailto:contact-europe@vumigroup.com\">contact-<\/a><a href=\"mailto:contact-europe@vumigroup.com\" target=\"_blank\" rel=\"noopener\">europe@vumigroup.com<\/a><\/span><\/strong> <strong>con la siguiente informaci\u00f3n:<\/strong><\/p><ol><li><a href=\"https:\/\/www.vumieurope.com\/wp-content\/uploads\/2026\/03\/Claim-Form_SPA._interactive.pdf\"><span style=\"text-decoration: underline;\">Formulario<\/span><\/a> de reclamaci\u00f3n completado<\/li><li>Factura o recibo detallado<\/li><li>Comprobante de pago<\/li><li>Historial m\u00e9dico y copias de recetas para pruebas o medicamentos (si procede)<\/li><\/ol>\t\t\t\t\t\t\t\t<\/div>\n\t\t\t\t<\/div>\n\t\t\t\t\t<\/div>\n\t\t<\/div>\n\t\t\t\t\t<\/div>\n\t\t<\/section>\n\t\t\t\t\t<\/div>\n\t\t<\/div>\n\t\t\t\t\t<\/div>\n\t\t<\/section>\n\t\t\t\t<section class=\"elementor-section elementor-top-section elementor-element elementor-element-7257b2d elementor-section-boxed elementor-section-height-default elementor-section-height-default\" data-id=\"7257b2d\" data-element_type=\"section\" data-e-type=\"section\">\n\t\t\t\t\t\t<div class=\"elementor-container elementor-column-gap-default\">\n\t\t\t\t\t<div class=\"elementor-column elementor-col-100 elementor-top-column elementor-element elementor-element-8fd5231\" data-id=\"8fd5231\" data-element_type=\"column\" data-e-type=\"column\">\n\t\t\t<div class=\"elementor-widget-wrap elementor-element-populated\">\n\t\t\t\t\t\t<div class=\"elementor-element elementor-element-91a58bf elementor-widget elementor-widget-spacer\" data-id=\"91a58bf\" data-element_type=\"widget\" data-e-type=\"widget\" data-widget_type=\"spacer.default\">\n\t\t\t\t<div class=\"elementor-widget-container\">\n\t\t\t\t\t\t\t<div class=\"elementor-spacer\">\n\t\t\t<div class=\"elementor-spacer-inner\"><\/div>\n\t\t<\/div>\n\t\t\t\t\t\t<\/div>\n\t\t\t\t<\/div>\n\t\t\t\t\t<\/div>\n\t\t<\/div>\n\t\t\t\t\t<\/div>\n\t\t<\/section>\n\t\t\t\t<\/div>\n\t\t","protected":false},"excerpt":{"rendered":"<p>RECLAMACIONEs OBTENER un ReEMBOLSO Es F\u00c1CIL Y R\u00c1PIDO Entendemos lo importante que es recibir su reembolso r\u00e1pidamente y sin complicaciones. Por eso hemos hecho que el proceso sea f\u00e1cil y sencillo. Solo debe seguir estos pasos: Env\u00ede un correo electr\u00f3nico a contact-europe@vumigroup.com con la siguiente informaci\u00f3n: Formulario de reclamaci\u00f3n completado Factura o recibo detallado Comprobante [&hellip;]<\/p>\n","protected":false},"author":4,"featured_media":0,"parent":0,"menu_order":0,"comment_status":"closed","ping_status":"closed","template":"","meta":{"footnotes":""},"class_list":["post-9253","page","type-page","status-publish","hentry"],"yoast_head":"<!-- This site is optimized with the Yoast SEO plugin v27.5 - https:\/\/yoast.com\/product\/yoast-seo-wordpress\/ -->\n<title>Reclamos - VUMI\u00ae Europe<\/title>\n<meta name=\"robots\" content=\"index, follow, max-snippet:-1, max-image-preview:large, max-video-preview:-1\" \/>\n<link rel=\"canonical\" href=\"https:\/\/www.vumieurope.com\/claims\/\" \/>\n<meta property=\"og:locale\" content=\"es_ES\" \/>\n<meta property=\"og:type\" content=\"article\" \/>\n<meta property=\"og:title\" content=\"Reclamos - VUMI\u00ae Europe\" \/>\n<meta property=\"og:description\" content=\"RECLAMACIONEs OBTENER un ReEMBOLSO Es F\u00c1CIL Y R\u00c1PIDO Entendemos lo importante que es recibir su reembolso r\u00e1pidamente y sin complicaciones. Por eso hemos hecho que el proceso sea f\u00e1cil y sencillo. Solo debe seguir estos pasos: Env\u00ede un correo electr\u00f3nico a contact-europe@vumigroup.com con la siguiente informaci\u00f3n: Formulario de reclamaci\u00f3n completado Factura o recibo detallado Comprobante [&hellip;]\" \/>\n<meta property=\"og:url\" content=\"https:\/\/www.vumieurope.com\/claims\/\" \/>\n<meta property=\"og:site_name\" content=\"VUMI\u00ae Europe\" \/>\n<meta property=\"article:publisher\" content=\"https:\/\/www.facebook.com\/VUMIGroup\" \/>\n<meta property=\"article:modified_time\" content=\"2026-03-10T20:08:12+00:00\" \/>\n<meta property=\"og:image\" content=\"https:\/\/www.vumieurope.com\/wp-content\/uploads\/2025\/11\/claims-2025.png\" \/>\n\t<meta property=\"og:image:width\" content=\"1112\" \/>\n\t<meta property=\"og:image:height\" content=\"849\" \/>\n\t<meta property=\"og:image:type\" content=\"image\/png\" \/>\n<meta name=\"twitter:card\" content=\"summary_large_image\" \/>\n<meta name=\"twitter:label1\" content=\"Tiempo de lectura\" \/>\n\t<meta name=\"twitter:data1\" content=\"1 minuto\" \/>\n<script type=\"application\/ld+json\" class=\"yoast-schema-graph\">{\"@context\":\"https:\\\/\\\/schema.org\",\"@graph\":[{\"@type\":\"WebPage\",\"@id\":\"https:\\\/\\\/www.vumieurope.com\\\/claims\\\/\",\"url\":\"https:\\\/\\\/www.vumieurope.com\\\/claims\\\/\",\"name\":\"Reclamos - VUMI\u00ae Europe\",\"isPartOf\":{\"@id\":\"https:\\\/\\\/www.vumieurope.com\\\/#website\"},\"primaryImageOfPage\":{\"@id\":\"https:\\\/\\\/www.vumieurope.com\\\/claims\\\/#primaryimage\"},\"image\":{\"@id\":\"https:\\\/\\\/www.vumieurope.com\\\/claims\\\/#primaryimage\"},\"thumbnailUrl\":\"https:\\\/\\\/www.vumieurope.com\\\/wp-content\\\/uploads\\\/2025\\\/11\\\/claims-2025-1024x782.png\",\"datePublished\":\"2025-09-05T03:49:41+00:00\",\"dateModified\":\"2026-03-10T20:08:12+00:00\",\"breadcrumb\":{\"@id\":\"https:\\\/\\\/www.vumieurope.com\\\/claims\\\/#breadcrumb\"},\"inLanguage\":\"es\",\"potentialAction\":[{\"@type\":\"ReadAction\",\"target\":[\"https:\\\/\\\/www.vumieurope.com\\\/claims\\\/\"]}]},{\"@type\":\"ImageObject\",\"inLanguage\":\"es\",\"@id\":\"https:\\\/\\\/www.vumieurope.com\\\/claims\\\/#primaryimage\",\"url\":\"https:\\\/\\\/www.vumieurope.com\\\/wp-content\\\/uploads\\\/2025\\\/11\\\/claims-2025-1024x782.png\",\"contentUrl\":\"https:\\\/\\\/www.vumieurope.com\\\/wp-content\\\/uploads\\\/2025\\\/11\\\/claims-2025-1024x782.png\"},{\"@type\":\"BreadcrumbList\",\"@id\":\"https:\\\/\\\/www.vumieurope.com\\\/claims\\\/#breadcrumb\",\"itemListElement\":[{\"@type\":\"ListItem\",\"position\":1,\"name\":\"Home\",\"item\":\"https:\\\/\\\/www.vumieurope.com\\\/\"},{\"@type\":\"ListItem\",\"position\":2,\"name\":\"Reclamos\"}]},{\"@type\":\"WebSite\",\"@id\":\"https:\\\/\\\/www.vumieurope.com\\\/#website\",\"url\":\"https:\\\/\\\/www.vumieurope.com\\\/\",\"name\":\"VUMI\u00ae Europe\",\"description\":\"International health insurance with worldwide coverage and VIP medical services\",\"publisher\":{\"@id\":\"https:\\\/\\\/www.vumieurope.com\\\/#organization\"},\"potentialAction\":[{\"@type\":\"SearchAction\",\"target\":{\"@type\":\"EntryPoint\",\"urlTemplate\":\"https:\\\/\\\/www.vumieurope.com\\\/?s={search_term_string}\"},\"query-input\":{\"@type\":\"PropertyValueSpecification\",\"valueRequired\":true,\"valueName\":\"search_term_string\"}}],\"inLanguage\":\"es\"},{\"@type\":\"Organization\",\"@id\":\"https:\\\/\\\/www.vumieurope.com\\\/#organization\",\"name\":\"VUMI\u00ae Europe\",\"url\":\"https:\\\/\\\/www.vumieurope.com\\\/\",\"logo\":{\"@type\":\"ImageObject\",\"inLanguage\":\"es\",\"@id\":\"https:\\\/\\\/www.vumieurope.com\\\/#\\\/schema\\\/logo\\\/image\\\/\",\"url\":\"https:\\\/\\\/www.vumieurope.com\\\/wp-content\\\/uploads\\\/2024\\\/03\\\/Vumi-Europe-blue.svg\",\"contentUrl\":\"https:\\\/\\\/www.vumieurope.com\\\/wp-content\\\/uploads\\\/2024\\\/03\\\/Vumi-Europe-blue.svg\",\"caption\":\"VUMI\u00ae Europe\"},\"image\":{\"@id\":\"https:\\\/\\\/www.vumieurope.com\\\/#\\\/schema\\\/logo\\\/image\\\/\"},\"sameAs\":[\"https:\\\/\\\/www.facebook.com\\\/VUMIGroup\",\"https:\\\/\\\/www.linkedin.com\\\/company\\\/vumigroupinsurance\\\/posts\\\/?feedView=all\",\"https:\\\/\\\/www.youtube.com\\\/user\\\/VUMIGroup\",\"https:\\\/\\\/www.instagram.com\\\/vumi_group\\\/\"]}]}<\/script>\n<!-- \/ Yoast SEO plugin. -->","yoast_head_json":{"title":"Reclamos - VUMI\u00ae Europe","robots":{"index":"index","follow":"follow","max-snippet":"max-snippet:-1","max-image-preview":"max-image-preview:large","max-video-preview":"max-video-preview:-1"},"canonical":"https:\/\/www.vumieurope.com\/claims\/","og_locale":"es_ES","og_type":"article","og_title":"Reclamos - VUMI\u00ae Europe","og_description":"RECLAMACIONEs OBTENER un ReEMBOLSO Es F\u00c1CIL Y R\u00c1PIDO Entendemos lo importante que es recibir su reembolso r\u00e1pidamente y sin complicaciones. Por eso hemos hecho que el proceso sea f\u00e1cil y sencillo. Solo debe seguir estos pasos: Env\u00ede un correo electr\u00f3nico a contact-europe@vumigroup.com con la siguiente informaci\u00f3n: Formulario de reclamaci\u00f3n completado Factura o recibo detallado Comprobante [&hellip;]","og_url":"https:\/\/www.vumieurope.com\/claims\/","og_site_name":"VUMI\u00ae Europe","article_publisher":"https:\/\/www.facebook.com\/VUMIGroup","article_modified_time":"2026-03-10T20:08:12+00:00","og_image":[{"width":1112,"height":849,"url":"https:\/\/www.vumieurope.com\/wp-content\/uploads\/2025\/11\/claims-2025.png","type":"image\/png"}],"twitter_card":"summary_large_image","twitter_misc":{"Tiempo de lectura":"1 minuto"},"schema":{"@context":"https:\/\/schema.org","@graph":[{"@type":"WebPage","@id":"https:\/\/www.vumieurope.com\/claims\/","url":"https:\/\/www.vumieurope.com\/claims\/","name":"Reclamos - VUMI\u00ae Europe","isPartOf":{"@id":"https:\/\/www.vumieurope.com\/#website"},"primaryImageOfPage":{"@id":"https:\/\/www.vumieurope.com\/claims\/#primaryimage"},"image":{"@id":"https:\/\/www.vumieurope.com\/claims\/#primaryimage"},"thumbnailUrl":"https:\/\/www.vumieurope.com\/wp-content\/uploads\/2025\/11\/claims-2025-1024x782.png","datePublished":"2025-09-05T03:49:41+00:00","dateModified":"2026-03-10T20:08:12+00:00","breadcrumb":{"@id":"https:\/\/www.vumieurope.com\/claims\/#breadcrumb"},"inLanguage":"es","potentialAction":[{"@type":"ReadAction","target":["https:\/\/www.vumieurope.com\/claims\/"]}]},{"@type":"ImageObject","inLanguage":"es","@id":"https:\/\/www.vumieurope.com\/claims\/#primaryimage","url":"https:\/\/www.vumieurope.com\/wp-content\/uploads\/2025\/11\/claims-2025-1024x782.png","contentUrl":"https:\/\/www.vumieurope.com\/wp-content\/uploads\/2025\/11\/claims-2025-1024x782.png"},{"@type":"BreadcrumbList","@id":"https:\/\/www.vumieurope.com\/claims\/#breadcrumb","itemListElement":[{"@type":"ListItem","position":1,"name":"Home","item":"https:\/\/www.vumieurope.com\/"},{"@type":"ListItem","position":2,"name":"Reclamos"}]},{"@type":"WebSite","@id":"https:\/\/www.vumieurope.com\/#website","url":"https:\/\/www.vumieurope.com\/","name":"VUMI\u00ae Europe","description":"International health insurance with worldwide coverage and VIP medical services","publisher":{"@id":"https:\/\/www.vumieurope.com\/#organization"},"potentialAction":[{"@type":"SearchAction","target":{"@type":"EntryPoint","urlTemplate":"https:\/\/www.vumieurope.com\/?s={search_term_string}"},"query-input":{"@type":"PropertyValueSpecification","valueRequired":true,"valueName":"search_term_string"}}],"inLanguage":"es"},{"@type":"Organization","@id":"https:\/\/www.vumieurope.com\/#organization","name":"VUMI\u00ae Europe","url":"https:\/\/www.vumieurope.com\/","logo":{"@type":"ImageObject","inLanguage":"es","@id":"https:\/\/www.vumieurope.com\/#\/schema\/logo\/image\/","url":"https:\/\/www.vumieurope.com\/wp-content\/uploads\/2024\/03\/Vumi-Europe-blue.svg","contentUrl":"https:\/\/www.vumieurope.com\/wp-content\/uploads\/2024\/03\/Vumi-Europe-blue.svg","caption":"VUMI\u00ae Europe"},"image":{"@id":"https:\/\/www.vumieurope.com\/#\/schema\/logo\/image\/"},"sameAs":["https:\/\/www.facebook.com\/VUMIGroup","https:\/\/www.linkedin.com\/company\/vumigroupinsurance\/posts\/?feedView=all","https:\/\/www.youtube.com\/user\/VUMIGroup","https:\/\/www.instagram.com\/vumi_group\/"]}]}},"_links":{"self":[{"href":"https:\/\/www.vumieurope.com\/es\/wp-json\/wp\/v2\/pages\/9253","targetHints":{"allow":["GET"]}}],"collection":[{"href":"https:\/\/www.vumieurope.com\/es\/wp-json\/wp\/v2\/pages"}],"about":[{"href":"https:\/\/www.vumieurope.com\/es\/wp-json\/wp\/v2\/types\/page"}],"author":[{"embeddable":true,"href":"https:\/\/www.vumieurope.com\/es\/wp-json\/wp\/v2\/users\/4"}],"replies":[{"embeddable":true,"href":"https:\/\/www.vumieurope.com\/es\/wp-json\/wp\/v2\/comments?post=9253"}],"version-history":[{"count":25,"href":"https:\/\/www.vumieurope.com\/es\/wp-json\/wp\/v2\/pages\/9253\/revisions"}],"predecessor-version":[{"id":11864,"href":"https:\/\/www.vumieurope.com\/es\/wp-json\/wp\/v2\/pages\/9253\/revisions\/11864"}],"wp:attachment":[{"href":"https:\/\/www.vumieurope.com\/es\/wp-json\/wp\/v2\/media?parent=9253"}],"curies":[{"name":"wp","href":"https:\/\/api.w.org\/{rel}","templated":true}]}}