{"id":9247,"date":"2025-09-04T21:59:26","date_gmt":"2025-09-05T02:59:26","guid":{"rendered":"https:\/\/www.vumieurope.com\/payment-support\/"},"modified":"2025-10-29T11:11:58","modified_gmt":"2025-10-29T16:11:58","slug":"soporte-de-pago","status":"publish","type":"page","link":"https:\/\/www.vumieurope.com\/es\/soporte-de-pago\/","title":{"rendered":"Soporte de pago"},"content":{"rendered":"\t\t<div data-elementor-type=\"wp-page\" data-elementor-id=\"9247\" class=\"elementor elementor-9247 elementor-4857\" data-elementor-post-type=\"page\">\n\t\t\t\t\t\t<section class=\"elementor-section elementor-top-section elementor-element elementor-element-f71c4b6 elementor-section-height-min-height elementor-section-boxed elementor-section-height-default elementor-section-items-middle\" data-id=\"f71c4b6\" data-element_type=\"section\" data-e-type=\"section\" data-settings=\"{&quot;background_background&quot;:&quot;classic&quot;,&quot;shape_divider_bottom&quot;:&quot;mountains&quot;}\">\n\t\t\t\t\t<div class=\"elementor-shape elementor-shape-bottom\" aria-hidden=\"true\" data-negative=\"false\">\n\t\t\t<svg xmlns=\"http:\/\/www.w3.org\/2000\/svg\" viewBox=\"0 0 1000 100\" preserveAspectRatio=\"none\">\n\t<path class=\"elementor-shape-fill\" opacity=\"0.33\" d=\"M473,67.3c-203.9,88.3-263.1-34-320.3,0C66,119.1,0,59.7,0,59.7V0h1000v59.7 c0,0-62.1,26.1-94.9,29.3c-32.8,3.3-62.8-12.3-75.8-22.1C806,49.6,745.3,8.7,694.9,4.7S492.4,59,473,67.3z\"\/>\n\t<path class=\"elementor-shape-fill\" opacity=\"0.66\" d=\"M734,67.3c-45.5,0-77.2-23.2-129.1-39.1c-28.6-8.7-150.3-10.1-254,39.1 s-91.7-34.4-149.2,0C115.7,118.3,0,39.8,0,39.8V0h1000v36.5c0,0-28.2-18.5-92.1-18.5C810.2,18.1,775.7,67.3,734,67.3z\"\/>\n\t<path class=\"elementor-shape-fill\" d=\"M766.1,28.9c-200-57.5-266,65.5-395.1,19.5C242,1.8,242,5.4,184.8,20.6C128,35.8,132.3,44.9,89.9,52.5C28.6,63.7,0,0,0,0 h1000c0,0-9.9,40.9-83.6,48.1S829.6,47,766.1,28.9z\"\/>\n<\/svg>\t\t<\/div>\n\t\t\t\t\t<div class=\"elementor-container elementor-column-gap-default\">\n\t\t\t\t\t<div class=\"elementor-column elementor-col-100 elementor-top-column elementor-element elementor-element-0d06d3b\" data-id=\"0d06d3b\" data-element_type=\"column\" data-e-type=\"column\">\n\t\t\t<div class=\"elementor-widget-wrap elementor-element-populated\">\n\t\t\t\t\t\t<section class=\"elementor-section elementor-inner-section elementor-element elementor-element-bb24288 elementor-section-boxed elementor-section-height-default elementor-section-height-default\" data-id=\"bb24288\" data-element_type=\"section\" data-e-type=\"section\">\n\t\t\t\t\t\t<div class=\"elementor-container elementor-column-gap-default\">\n\t\t\t\t\t<div class=\"elementor-column elementor-col-50 elementor-inner-column elementor-element elementor-element-4b7a650\" data-id=\"4b7a650\" data-element_type=\"column\" data-e-type=\"column\">\n\t\t\t<div class=\"elementor-widget-wrap elementor-element-populated\">\n\t\t\t\t\t\t<div class=\"elementor-element elementor-element-d07b485 elementor-hidden-mobile elementor-widget elementor-widget-image\" data-id=\"d07b485\" data-element_type=\"widget\" data-e-type=\"widget\" data-settings=\"{&quot;motion_fx_motion_fx_scrolling&quot;:&quot;yes&quot;,&quot;motion_fx_translateX_effect&quot;:&quot;yes&quot;,&quot;motion_fx_motion_fx_mouse&quot;:&quot;yes&quot;,&quot;motion_fx_scale_effect&quot;:&quot;yes&quot;,&quot;motion_fx_scale_direction&quot;:&quot;in-out-in&quot;,&quot;motion_fx_scale_speed&quot;:{&quot;unit&quot;:&quot;px&quot;,&quot;size&quot;:1,&quot;sizes&quot;:[]},&quot;motion_fx_scale_range&quot;:{&quot;unit&quot;:&quot;%&quot;,&quot;size&quot;:&quot;&quot;,&quot;sizes&quot;:{&quot;start&quot;:37,&quot;end&quot;:80}},&quot;motion_fx_translateX_speed&quot;:{&quot;unit&quot;:&quot;px&quot;,&quot;size&quot;:4,&quot;sizes&quot;:[]},&quot;motion_fx_translateX_affectedRange&quot;:{&quot;unit&quot;:&quot;%&quot;,&quot;size&quot;:&quot;&quot;,&quot;sizes&quot;:{&quot;start&quot;:0,&quot;end&quot;:100}},&quot;motion_fx_devices&quot;:[&quot;desktop&quot;,&quot;tablet&quot;,&quot;mobile&quot;]}\" data-widget_type=\"image.default\">\n\t\t\t\t<div class=\"elementor-widget-container\">\n\t\t\t\t\t\t\t\t\t\t\t\t\t\t\t<img fetchpriority=\"high\" decoding=\"async\" width=\"800\" height=\"649\" src=\"https:\/\/www.vumieurope.com\/wp-content\/uploads\/2025\/09\/pay2-1024x831.png\" class=\"attachment-large size-large wp-image-4866\" alt=\"\" srcset=\"https:\/\/www.vumieurope.com\/wp-content\/uploads\/2025\/09\/pay2-1024x831.png 1024w, https:\/\/www.vumieurope.com\/wp-content\/uploads\/2025\/09\/pay2-300x244.png 300w, https:\/\/www.vumieurope.com\/wp-content\/uploads\/2025\/09\/pay2-768x624.png 768w, https:\/\/www.vumieurope.com\/wp-content\/uploads\/2025\/09\/pay2.png 1042w\" sizes=\"(max-width: 800px) 100vw, 800px\" \/>\t\t\t\t\t\t\t\t\t\t\t\t\t\t\t<\/div>\n\t\t\t\t<\/div>\n\t\t\t\t\t<\/div>\n\t\t<\/div>\n\t\t\t\t<div class=\"elementor-column elementor-col-50 elementor-inner-column elementor-element elementor-element-02c5c6f\" data-id=\"02c5c6f\" data-element_type=\"column\" data-e-type=\"column\">\n\t\t\t<div class=\"elementor-widget-wrap elementor-element-populated\">\n\t\t\t\t\t\t<div class=\"elementor-element elementor-element-0a04d16 elementor-widget elementor-widget-spacer\" data-id=\"0a04d16\" data-element_type=\"widget\" data-e-type=\"widget\" data-widget_type=\"spacer.default\">\n\t\t\t\t<div class=\"elementor-widget-container\">\n\t\t\t\t\t\t\t<div class=\"elementor-spacer\">\n\t\t\t<div class=\"elementor-spacer-inner\"><\/div>\n\t\t<\/div>\n\t\t\t\t\t\t<\/div>\n\t\t\t\t<\/div>\n\t\t\t\t<div class=\"elementor-element elementor-element-862ba10 elementor-widget elementor-widget-heading\" data-id=\"862ba10\" data-element_type=\"widget\" data-e-type=\"widget\" data-widget_type=\"heading.default\">\n\t\t\t\t<div class=\"elementor-widget-container\">\n\t\t\t\t\t<h1 class=\"elementor-heading-title elementor-size-default\"><strong> PAGAR SUS <\/strong>\n\nPRIMAS<\/h1>\t\t\t\t<\/div>\n\t\t\t\t<\/div>\n\t\t\t\t<div class=\"elementor-element elementor-element-5b57f4c elementor-widget elementor-widget-heading\" data-id=\"5b57f4c\" data-element_type=\"widget\" data-e-type=\"widget\" data-widget_type=\"heading.default\">\n\t\t\t\t<div class=\"elementor-widget-container\">\n\t\t\t\t\t<h1 class=\"elementor-heading-title elementor-size-default\">es f\u00e1cil y seguro<\/h1>\t\t\t\t<\/div>\n\t\t\t\t<\/div>\n\t\t\t\t<div class=\"elementor-element elementor-element-7760b4e elementor-widget__width-initial elementor-widget elementor-widget-text-editor\" data-id=\"7760b4e\" data-element_type=\"widget\" data-e-type=\"widget\" data-widget_type=\"text-editor.default\">\n\t\t\t\t<div class=\"elementor-widget-container\">\n\t\t\t\t\t\t\t\t\t<p>Hemos hecho que mantener su cobertura sea sencillo. Nuestro proceso de pago de primas est\u00e1 dise\u00f1ado para ser r\u00e1pido, seguro y c\u00f3modo, para que pueda concentrarse en lo que realmente importa: disfrutar de la vida. Ya sea que se encuentre en casa o de viaje, puede realizar sus pagos con total confianza y facilidad.<\/p>\t\t\t\t\t\t\t\t<\/div>\n\t\t\t\t<\/div>\n\t\t\t\t<div class=\"elementor-element elementor-element-6fdbd2d elementor-hidden-desktop elementor-hidden-tablet elementor-widget elementor-widget-image\" data-id=\"6fdbd2d\" data-element_type=\"widget\" data-e-type=\"widget\" data-settings=\"{&quot;motion_fx_motion_fx_mouse&quot;:&quot;yes&quot;}\" data-widget_type=\"image.default\">\n\t\t\t\t<div class=\"elementor-widget-container\">\n\t\t\t\t\t\t\t\t\t\t\t\t\t\t\t<img fetchpriority=\"high\" decoding=\"async\" width=\"800\" height=\"649\" src=\"https:\/\/www.vumieurope.com\/wp-content\/uploads\/2025\/09\/pay2-1024x831.png\" class=\"attachment-large size-large wp-image-4866\" alt=\"\" srcset=\"https:\/\/www.vumieurope.com\/wp-content\/uploads\/2025\/09\/pay2-1024x831.png 1024w, https:\/\/www.vumieurope.com\/wp-content\/uploads\/2025\/09\/pay2-300x244.png 300w, https:\/\/www.vumieurope.com\/wp-content\/uploads\/2025\/09\/pay2-768x624.png 768w, https:\/\/www.vumieurope.com\/wp-content\/uploads\/2025\/09\/pay2.png 1042w\" sizes=\"(max-width: 800px) 100vw, 800px\" \/>\t\t\t\t\t\t\t\t\t\t\t\t\t\t\t<\/div>\n\t\t\t\t<\/div>\n\t\t\t\t\t<\/div>\n\t\t<\/div>\n\t\t\t\t\t<\/div>\n\t\t<\/section>\n\t\t\t\t\t<\/div>\n\t\t<\/div>\n\t\t\t\t\t<\/div>\n\t\t<\/section>\n\t\t\t\t<section class=\"elementor-section elementor-top-section elementor-element elementor-element-e13d858 elementor-section-boxed elementor-section-height-default elementor-section-height-default\" data-id=\"e13d858\" data-element_type=\"section\" data-e-type=\"section\">\n\t\t\t\t\t\t<div class=\"elementor-container elementor-column-gap-default\">\n\t\t\t\t\t<div class=\"elementor-column elementor-col-100 elementor-top-column elementor-element elementor-element-101fffa\" data-id=\"101fffa\" data-element_type=\"column\" data-e-type=\"column\" data-settings=\"{&quot;background_background&quot;:&quot;classic&quot;}\">\n\t\t\t<div class=\"elementor-widget-wrap elementor-element-populated\">\n\t\t\t\t\t\t<section class=\"elementor-section elementor-inner-section elementor-element elementor-element-68b8656 elementor-section-boxed elementor-section-height-default elementor-section-height-default\" data-id=\"68b8656\" data-element_type=\"section\" data-e-type=\"section\">\n\t\t\t\t\t\t<div class=\"elementor-container elementor-column-gap-default\">\n\t\t\t\t\t<div class=\"elementor-column elementor-col-100 elementor-inner-column elementor-element elementor-element-3393bf2\" data-id=\"3393bf2\" data-element_type=\"column\" data-e-type=\"column\">\n\t\t\t<div class=\"elementor-widget-wrap elementor-element-populated\">\n\t\t\t\t\t\t<div class=\"elementor-element elementor-element-7d7e450 elementor-widget elementor-widget-heading\" data-id=\"7d7e450\" data-element_type=\"widget\" data-e-type=\"widget\" data-widget_type=\"heading.default\">\n\t\t\t\t<div class=\"elementor-widget-container\">\n\t\t\t\t\t<h2 class=\"elementor-heading-title elementor-size-default\">ASISTENCIA DE <strong>PAGOS<\/strong><\/h2>\t\t\t\t<\/div>\n\t\t\t\t<\/div>\n\t\t\t\t<div class=\"elementor-element elementor-element-41b57aa elementor-widget__width-initial elementor-widget elementor-widget-text-editor\" data-id=\"41b57aa\" data-element_type=\"widget\" data-e-type=\"widget\" data-widget_type=\"text-editor.default\">\n\t\t\t\t<div class=\"elementor-widget-container\">\n\t\t\t\t\t\t\t\t\t<p>Si necesita asistencia para procesar su pago en l\u00ednea, env\u00edenos un correo electr\u00f3nico a <span style=\"text-decoration: underline;\"><a href=\"mailto:contact-europe@vumigroup.com\" target=\"_blank\" rel=\"noopener\">contact-europe@vumigroup.com<\/a> <\/span>con su solicitud. Su mensaje ser\u00e1 respondido durante el horario laboral (de lunes a viernes, de 9:00 a 17:00 CET).<\/p>\t\t\t\t\t\t\t\t<\/div>\n\t\t\t\t<\/div>\n\t\t\t\t\t<\/div>\n\t\t<\/div>\n\t\t\t\t\t<\/div>\n\t\t<\/section>\n\t\t\t\t\t<\/div>\n\t\t<\/div>\n\t\t\t\t\t<\/div>\n\t\t<\/section>\n\t\t\t\t<section class=\"elementor-section elementor-top-section elementor-element elementor-element-7257b2d elementor-section-boxed elementor-section-height-default elementor-section-height-default\" data-id=\"7257b2d\" data-element_type=\"section\" data-e-type=\"section\">\n\t\t\t\t\t\t<div class=\"elementor-container elementor-column-gap-default\">\n\t\t\t\t\t<div class=\"elementor-column elementor-col-100 elementor-top-column elementor-element elementor-element-8fd5231\" data-id=\"8fd5231\" data-element_type=\"column\" data-e-type=\"column\">\n\t\t\t<div class=\"elementor-widget-wrap elementor-element-populated\">\n\t\t\t\t\t\t<div class=\"elementor-element elementor-element-91a58bf elementor-widget elementor-widget-spacer\" data-id=\"91a58bf\" data-element_type=\"widget\" data-e-type=\"widget\" data-widget_type=\"spacer.default\">\n\t\t\t\t<div class=\"elementor-widget-container\">\n\t\t\t\t\t\t\t<div class=\"elementor-spacer\">\n\t\t\t<div class=\"elementor-spacer-inner\"><\/div>\n\t\t<\/div>\n\t\t\t\t\t\t<\/div>\n\t\t\t\t<\/div>\n\t\t\t\t\t<\/div>\n\t\t<\/div>\n\t\t\t\t\t<\/div>\n\t\t<\/section>\n\t\t\t\t<\/div>\n\t\t","protected":false},"excerpt":{"rendered":"<p>PAGAR SUS PRIMAS es f\u00e1cil y seguro Hemos hecho que mantener su cobertura sea sencillo. Nuestro proceso de pago de primas est\u00e1 dise\u00f1ado para ser r\u00e1pido, seguro y c\u00f3modo, para que pueda concentrarse en lo que realmente importa: disfrutar de la vida. Ya sea que se encuentre en casa o de viaje, puede realizar sus [&hellip;]<\/p>\n","protected":false},"author":4,"featured_media":0,"parent":0,"menu_order":0,"comment_status":"closed","ping_status":"closed","template":"","meta":{"footnotes":""},"class_list":["post-9247","page","type-page","status-publish","hentry"],"yoast_head":"<!-- This site is optimized with the Yoast SEO plugin v27.5 - https:\/\/yoast.com\/product\/yoast-seo-wordpress\/ -->\n<title>Soporte de pago - VUMI\u00ae Europe<\/title>\n<meta name=\"robots\" content=\"index, follow, max-snippet:-1, max-image-preview:large, max-video-preview:-1\" \/>\n<link rel=\"canonical\" href=\"https:\/\/www.vumieurope.com\/es\/soporte-de-pago\/\" \/>\n<meta property=\"og:locale\" content=\"es_ES\" \/>\n<meta property=\"og:type\" content=\"article\" \/>\n<meta property=\"og:title\" content=\"Soporte de pago - VUMI\u00ae Europe\" \/>\n<meta property=\"og:description\" content=\"PAGAR SUS PRIMAS es f\u00e1cil y seguro Hemos hecho que mantener su cobertura sea sencillo. Nuestro proceso de pago de primas est\u00e1 dise\u00f1ado para ser r\u00e1pido, seguro y c\u00f3modo, para que pueda concentrarse en lo que realmente importa: disfrutar de la vida. Ya sea que se encuentre en casa o de viaje, puede realizar sus [&hellip;]\" \/>\n<meta property=\"og:url\" content=\"https:\/\/www.vumieurope.com\/es\/soporte-de-pago\/\" \/>\n<meta property=\"og:site_name\" content=\"VUMI\u00ae Europe\" \/>\n<meta property=\"article:publisher\" content=\"https:\/\/www.facebook.com\/VUMIGroup\" \/>\n<meta property=\"article:modified_time\" content=\"2025-10-29T16:11:58+00:00\" \/>\n<meta property=\"og:image\" content=\"https:\/\/www.vumieurope.com\/wp-content\/uploads\/2025\/09\/pay2.png\" \/>\n\t<meta property=\"og:image:width\" content=\"1042\" \/>\n\t<meta property=\"og:image:height\" content=\"846\" \/>\n\t<meta property=\"og:image:type\" content=\"image\/png\" \/>\n<meta name=\"twitter:card\" content=\"summary_large_image\" \/>\n<meta name=\"twitter:label1\" content=\"Tiempo de lectura\" \/>\n\t<meta name=\"twitter:data1\" content=\"1 minuto\" \/>\n<script type=\"application\/ld+json\" class=\"yoast-schema-graph\">{\"@context\":\"https:\\\/\\\/schema.org\",\"@graph\":[{\"@type\":\"WebPage\",\"@id\":\"https:\\\/\\\/www.vumieurope.com\\\/es\\\/soporte-de-pago\\\/\",\"url\":\"https:\\\/\\\/www.vumieurope.com\\\/es\\\/soporte-de-pago\\\/\",\"name\":\"Soporte de pago - VUMI\u00ae Europe\",\"isPartOf\":{\"@id\":\"https:\\\/\\\/www.vumieurope.com\\\/#website\"},\"primaryImageOfPage\":{\"@id\":\"https:\\\/\\\/www.vumieurope.com\\\/es\\\/soporte-de-pago\\\/#primaryimage\"},\"image\":{\"@id\":\"https:\\\/\\\/www.vumieurope.com\\\/es\\\/soporte-de-pago\\\/#primaryimage\"},\"thumbnailUrl\":\"https:\\\/\\\/www.vumieurope.com\\\/wp-content\\\/uploads\\\/2025\\\/09\\\/pay2-1024x831.png\",\"datePublished\":\"2025-09-05T02:59:26+00:00\",\"dateModified\":\"2025-10-29T16:11:58+00:00\",\"breadcrumb\":{\"@id\":\"https:\\\/\\\/www.vumieurope.com\\\/es\\\/soporte-de-pago\\\/#breadcrumb\"},\"inLanguage\":\"es\",\"potentialAction\":[{\"@type\":\"ReadAction\",\"target\":[\"https:\\\/\\\/www.vumieurope.com\\\/es\\\/soporte-de-pago\\\/\"]}]},{\"@type\":\"ImageObject\",\"inLanguage\":\"es\",\"@id\":\"https:\\\/\\\/www.vumieurope.com\\\/es\\\/soporte-de-pago\\\/#primaryimage\",\"url\":\"https:\\\/\\\/www.vumieurope.com\\\/wp-content\\\/uploads\\\/2025\\\/09\\\/pay2-1024x831.png\",\"contentUrl\":\"https:\\\/\\\/www.vumieurope.com\\\/wp-content\\\/uploads\\\/2025\\\/09\\\/pay2-1024x831.png\"},{\"@type\":\"BreadcrumbList\",\"@id\":\"https:\\\/\\\/www.vumieurope.com\\\/es\\\/soporte-de-pago\\\/#breadcrumb\",\"itemListElement\":[{\"@type\":\"ListItem\",\"position\":1,\"name\":\"Home\",\"item\":\"https:\\\/\\\/www.vumieurope.com\\\/\"},{\"@type\":\"ListItem\",\"position\":2,\"name\":\"Soporte de pago\"}]},{\"@type\":\"WebSite\",\"@id\":\"https:\\\/\\\/www.vumieurope.com\\\/#website\",\"url\":\"https:\\\/\\\/www.vumieurope.com\\\/\",\"name\":\"VUMI\u00ae Europe\",\"description\":\"International health insurance with worldwide coverage and VIP medical services\",\"publisher\":{\"@id\":\"https:\\\/\\\/www.vumieurope.com\\\/#organization\"},\"potentialAction\":[{\"@type\":\"SearchAction\",\"target\":{\"@type\":\"EntryPoint\",\"urlTemplate\":\"https:\\\/\\\/www.vumieurope.com\\\/?s={search_term_string}\"},\"query-input\":{\"@type\":\"PropertyValueSpecification\",\"valueRequired\":true,\"valueName\":\"search_term_string\"}}],\"inLanguage\":\"es\"},{\"@type\":\"Organization\",\"@id\":\"https:\\\/\\\/www.vumieurope.com\\\/#organization\",\"name\":\"VUMI\u00ae Europe\",\"url\":\"https:\\\/\\\/www.vumieurope.com\\\/\",\"logo\":{\"@type\":\"ImageObject\",\"inLanguage\":\"es\",\"@id\":\"https:\\\/\\\/www.vumieurope.com\\\/#\\\/schema\\\/logo\\\/image\\\/\",\"url\":\"https:\\\/\\\/www.vumieurope.com\\\/wp-content\\\/uploads\\\/2024\\\/03\\\/Vumi-Europe-blue.svg\",\"contentUrl\":\"https:\\\/\\\/www.vumieurope.com\\\/wp-content\\\/uploads\\\/2024\\\/03\\\/Vumi-Europe-blue.svg\",\"caption\":\"VUMI\u00ae Europe\"},\"image\":{\"@id\":\"https:\\\/\\\/www.vumieurope.com\\\/#\\\/schema\\\/logo\\\/image\\\/\"},\"sameAs\":[\"https:\\\/\\\/www.facebook.com\\\/VUMIGroup\",\"https:\\\/\\\/www.linkedin.com\\\/company\\\/vumigroupinsurance\\\/posts\\\/?feedView=all\",\"https:\\\/\\\/www.youtube.com\\\/user\\\/VUMIGroup\",\"https:\\\/\\\/www.instagram.com\\\/vumi_group\\\/\"]}]}<\/script>\n<!-- \/ Yoast SEO plugin. -->","yoast_head_json":{"title":"Soporte de pago - VUMI\u00ae Europe","robots":{"index":"index","follow":"follow","max-snippet":"max-snippet:-1","max-image-preview":"max-image-preview:large","max-video-preview":"max-video-preview:-1"},"canonical":"https:\/\/www.vumieurope.com\/es\/soporte-de-pago\/","og_locale":"es_ES","og_type":"article","og_title":"Soporte de pago - VUMI\u00ae Europe","og_description":"PAGAR SUS PRIMAS es f\u00e1cil y seguro Hemos hecho que mantener su cobertura sea sencillo. Nuestro proceso de pago de primas est\u00e1 dise\u00f1ado para ser r\u00e1pido, seguro y c\u00f3modo, para que pueda concentrarse en lo que realmente importa: disfrutar de la vida. Ya sea que se encuentre en casa o de viaje, puede realizar sus [&hellip;]","og_url":"https:\/\/www.vumieurope.com\/es\/soporte-de-pago\/","og_site_name":"VUMI\u00ae Europe","article_publisher":"https:\/\/www.facebook.com\/VUMIGroup","article_modified_time":"2025-10-29T16:11:58+00:00","og_image":[{"width":1042,"height":846,"url":"https:\/\/www.vumieurope.com\/wp-content\/uploads\/2025\/09\/pay2.png","type":"image\/png"}],"twitter_card":"summary_large_image","twitter_misc":{"Tiempo de lectura":"1 minuto"},"schema":{"@context":"https:\/\/schema.org","@graph":[{"@type":"WebPage","@id":"https:\/\/www.vumieurope.com\/es\/soporte-de-pago\/","url":"https:\/\/www.vumieurope.com\/es\/soporte-de-pago\/","name":"Soporte de pago - VUMI\u00ae Europe","isPartOf":{"@id":"https:\/\/www.vumieurope.com\/#website"},"primaryImageOfPage":{"@id":"https:\/\/www.vumieurope.com\/es\/soporte-de-pago\/#primaryimage"},"image":{"@id":"https:\/\/www.vumieurope.com\/es\/soporte-de-pago\/#primaryimage"},"thumbnailUrl":"https:\/\/www.vumieurope.com\/wp-content\/uploads\/2025\/09\/pay2-1024x831.png","datePublished":"2025-09-05T02:59:26+00:00","dateModified":"2025-10-29T16:11:58+00:00","breadcrumb":{"@id":"https:\/\/www.vumieurope.com\/es\/soporte-de-pago\/#breadcrumb"},"inLanguage":"es","potentialAction":[{"@type":"ReadAction","target":["https:\/\/www.vumieurope.com\/es\/soporte-de-pago\/"]}]},{"@type":"ImageObject","inLanguage":"es","@id":"https:\/\/www.vumieurope.com\/es\/soporte-de-pago\/#primaryimage","url":"https:\/\/www.vumieurope.com\/wp-content\/uploads\/2025\/09\/pay2-1024x831.png","contentUrl":"https:\/\/www.vumieurope.com\/wp-content\/uploads\/2025\/09\/pay2-1024x831.png"},{"@type":"BreadcrumbList","@id":"https:\/\/www.vumieurope.com\/es\/soporte-de-pago\/#breadcrumb","itemListElement":[{"@type":"ListItem","position":1,"name":"Home","item":"https:\/\/www.vumieurope.com\/"},{"@type":"ListItem","position":2,"name":"Soporte de pago"}]},{"@type":"WebSite","@id":"https:\/\/www.vumieurope.com\/#website","url":"https:\/\/www.vumieurope.com\/","name":"VUMI\u00ae Europe","description":"International health insurance with worldwide coverage and VIP medical services","publisher":{"@id":"https:\/\/www.vumieurope.com\/#organization"},"potentialAction":[{"@type":"SearchAction","target":{"@type":"EntryPoint","urlTemplate":"https:\/\/www.vumieurope.com\/?s={search_term_string}"},"query-input":{"@type":"PropertyValueSpecification","valueRequired":true,"valueName":"search_term_string"}}],"inLanguage":"es"},{"@type":"Organization","@id":"https:\/\/www.vumieurope.com\/#organization","name":"VUMI\u00ae Europe","url":"https:\/\/www.vumieurope.com\/","logo":{"@type":"ImageObject","inLanguage":"es","@id":"https:\/\/www.vumieurope.com\/#\/schema\/logo\/image\/","url":"https:\/\/www.vumieurope.com\/wp-content\/uploads\/2024\/03\/Vumi-Europe-blue.svg","contentUrl":"https:\/\/www.vumieurope.com\/wp-content\/uploads\/2024\/03\/Vumi-Europe-blue.svg","caption":"VUMI\u00ae Europe"},"image":{"@id":"https:\/\/www.vumieurope.com\/#\/schema\/logo\/image\/"},"sameAs":["https:\/\/www.facebook.com\/VUMIGroup","https:\/\/www.linkedin.com\/company\/vumigroupinsurance\/posts\/?feedView=all","https:\/\/www.youtube.com\/user\/VUMIGroup","https:\/\/www.instagram.com\/vumi_group\/"]}]}},"_links":{"self":[{"href":"https:\/\/www.vumieurope.com\/es\/wp-json\/wp\/v2\/pages\/9247","targetHints":{"allow":["GET"]}}],"collection":[{"href":"https:\/\/www.vumieurope.com\/es\/wp-json\/wp\/v2\/pages"}],"about":[{"href":"https:\/\/www.vumieurope.com\/es\/wp-json\/wp\/v2\/types\/page"}],"author":[{"embeddable":true,"href":"https:\/\/www.vumieurope.com\/es\/wp-json\/wp\/v2\/users\/4"}],"replies":[{"embeddable":true,"href":"https:\/\/www.vumieurope.com\/es\/wp-json\/wp\/v2\/comments?post=9247"}],"version-history":[{"count":10,"href":"https:\/\/www.vumieurope.com\/es\/wp-json\/wp\/v2\/pages\/9247\/revisions"}],"predecessor-version":[{"id":9474,"href":"https:\/\/www.vumieurope.com\/es\/wp-json\/wp\/v2\/pages\/9247\/revisions\/9474"}],"wp:attachment":[{"href":"https:\/\/www.vumieurope.com\/es\/wp-json\/wp\/v2\/media?parent=9247"}],"curies":[{"name":"wp","href":"https:\/\/api.w.org\/{rel}","templated":true}]}}